{"id":8972,"date":"2020-04-14T22:07:13","date_gmt":"2020-04-14T21:07:13","guid":{"rendered":"https:\/\/yihr.rs\/?page_id=8972"},"modified":"2020-04-14T22:07:36","modified_gmt":"2020-04-14T21:07:36","slug":"mbeshtesni-punen-e-nismes-2","status":"publish","type":"page","link":"https:\/\/yihr.rs\/sq\/mbeshtesni-punen-e-nismes-2\/","title":{"rendered":"Mb\u00ebshtesni pun\u00ebn e Nism\u00ebs"},"content":{"rendered":"<h2><span style=\"font-weight: 400;\">Donacionet na ndihmojn\u00eb q\u00eb t\u00eb realizojm\u00eb q\u00ebllimet<\/span><\/h2>\n<p><span style=\"font-weight: 400;\">&nbsp;<\/span><\/p>\n<p><span style=\"font-weight: 400;\">Nisma e t\u00eb Rinjve p\u00ebr t\u00eb Drejtat e Njeriut \u00ebsht\u00eb nj\u00eb organizat\u00eb jofitimprur\u00ebse e cila vepron mbi parimet e sundimit t\u00eb s\u00eb drejt\u00ebs, ruatjes s\u00eb vlerave t\u00eb shoq\u00ebris\u00eb civile dhe mbrojtjes s\u00eb t\u00eb drejtave t\u00eb njeriut.<\/span><\/p>\n<p><span style=\"font-weight: 400;\">Faleminderit q\u00eb njihni pun\u00ebn ton\u00eb si nj\u00eb pun\u00eb t\u00eb r\u00ebnd\u00ebsishme p\u00ebr mbar\u00eb shoq\u00ebrin\u00eb dhe q\u00eb i konsideroni vlerat tona si t\u00eb qen\u00ebsishme. N\u00eb pun\u00ebn ton\u00eb r\u00ebnd\u00ebsi ka mb\u00ebshtetja e individeve por edhe t\u00eb t\u00eb gjith\u00eb sektor\u00ebve t\u00eb shoq\u00ebris\u00eb. N\u00eb m\u00ebnyr\u00eb q\u00eb t\u2019i realizojm\u00eb q\u00ebllimet p\u00ebr t\u00eb cilat advokojm\u00eb, na duhet ndihma e t\u00eb gjith\u00eb atyre q\u00eb e kuptojn\u00eb r\u00ebnd\u00ebsin\u00eb e t\u00eb vepruarit aktiv.<\/span><\/p>\n<p><span style=\"font-weight: 400;\">Dit\u00eb p\u00ebr dit\u00eb jemi n\u00eb k\u00ebrkim t\u00eb ideve dhe projekteve t\u00eb reja t\u00eb cil\u00ebt do t\u2019i avancojn\u00eb vlerat demokratike t\u00eb shoq\u00ebris\u00eb son\u00eb dhe prandaj po ju ftojm\u00eb q\u00eb t\u00eb na mb\u00ebshtesni dhe t\u00eb mendojm\u00eb dhe krijojm\u00eb s\u00eb bashku mund\u00ebsi t\u00eb reja p\u00ebr rajonin, vendin dhe t\u00eb rinjt\u00eb tan\u00eb.<\/span><\/p>\n<p><span style=\"font-weight: 400;\">I g\u00ebzohemi bashk\u00ebpunimit t\u00eb ardhsh\u00ebm.<\/span><\/p>\n<p style=\"text-align: center;\"><a href=\"https:\/\/yihr.rskontakt\/\" class=\"btn large color-orange\"><span>Na kontaktoni<\/span><\/a><\/p>\n","protected":false},"excerpt":{"rendered":"Donacionet na ndihmojn\u00eb q\u00eb t\u00eb realizojm\u00eb q\u00ebllimet &nbsp; Nisma e t\u00eb Rinjve p\u00ebr t\u00eb Drejtat e Njeriut \u00ebsht\u00eb nj\u00eb organizat\u00eb jofitimprur\u00ebse e cila vepron mbi parimet e sundimit t\u00eb s\u00eb drejt\u00ebs, ruatjes s\u00eb vlerave t\u00eb shoq\u00ebris\u00eb civile dhe mbrojtjes s\u00eb t\u00eb drejtave t\u00eb njeriut. Faleminderit q\u00eb njihni pun\u00ebn ton\u00eb si nj\u00eb pun\u00eb t\u00eb r\u00ebnd\u00ebsishme p\u00ebr&#8230; <a class=\"view-article\" href=\"https:\/\/yihr.rs\/sq\/mbeshtesni-punen-e-nismes-2\/\">View Article<\/a>","protected":false},"author":2,"featured_media":0,"parent":0,"menu_order":0,"comment_status":"closed","ping_status":"closed","template":"","meta":{"ngg_post_thumbnail":0},"acf":[],"yoast_head":"<!-- This site is optimized with the Yoast SEO plugin v20.7 - https:\/\/yoast.com\/wordpress\/plugins\/seo\/ -->\n<title>Mb\u00ebshtesni pun\u00ebn e Nism\u00ebs - YIHR.rs<\/title>\n<meta name=\"robots\" content=\"index, follow, max-snippet:-1, max-image-preview:large, max-video-preview:-1\" \/>\n<link rel=\"canonical\" href=\"https:\/\/yihr.rs\/sq\/mbeshtesni-punen-e-nismes-2\/\" \/>\n<meta property=\"og:locale\" content=\"sq_AL\" \/>\n<meta property=\"og:type\" content=\"article\" \/>\n<meta property=\"og:title\" content=\"Mb\u00ebshtesni pun\u00ebn e Nism\u00ebs - YIHR.rs\" \/>\n<meta property=\"og:description\" content=\"Donacionet na ndihmojn\u00eb q\u00eb t\u00eb realizojm\u00eb q\u00ebllimet &nbsp; Nisma e t\u00eb Rinjve p\u00ebr t\u00eb Drejtat e Njeriut \u00ebsht\u00eb nj\u00eb organizat\u00eb jofitimprur\u00ebse e cila vepron mbi parimet e sundimit t\u00eb s\u00eb drejt\u00ebs, ruatjes s\u00eb vlerave t\u00eb shoq\u00ebris\u00eb civile dhe mbrojtjes s\u00eb t\u00eb drejtave t\u00eb njeriut. Faleminderit q\u00eb njihni pun\u00ebn ton\u00eb si nj\u00eb pun\u00eb t\u00eb r\u00ebnd\u00ebsishme p\u00ebr... View Article\" \/>\n<meta property=\"og:url\" content=\"https:\/\/yihr.rs\/sq\/mbeshtesni-punen-e-nismes-2\/\" \/>\n<meta property=\"og:site_name\" content=\"YIHR.rs\" \/>\n<meta property=\"article:modified_time\" content=\"2020-04-14T21:07:36+00:00\" \/>\n<meta name=\"twitter:card\" content=\"summary_large_image\" \/>\n<meta name=\"twitter:label1\" content=\"Est. reading time\" \/>\n\t<meta name=\"twitter:data1\" content=\"1 minute\" \/>\n<script type=\"application\/ld+json\" class=\"yoast-schema-graph\">{\"@context\":\"https:\/\/schema.org\",\"@graph\":[{\"@type\":\"WebPage\",\"@id\":\"https:\/\/yihr.rs\/sq\/mbeshtesni-punen-e-nismes-2\/\",\"url\":\"https:\/\/yihr.rs\/sq\/mbeshtesni-punen-e-nismes-2\/\",\"name\":\"Mb\u00ebshtesni pun\u00ebn e Nism\u00ebs - YIHR.rs\",\"isPartOf\":{\"@id\":\"https:\/\/yihr.rs\/bhs\/#website\"},\"datePublished\":\"2020-04-14T21:07:13+00:00\",\"dateModified\":\"2020-04-14T21:07:36+00:00\",\"breadcrumb\":{\"@id\":\"https:\/\/yihr.rs\/sq\/mbeshtesni-punen-e-nismes-2\/#breadcrumb\"},\"inLanguage\":\"sq-AL\",\"potentialAction\":[{\"@type\":\"ReadAction\",\"target\":[\"https:\/\/yihr.rs\/sq\/mbeshtesni-punen-e-nismes-2\/\"]}]},{\"@type\":\"BreadcrumbList\",\"@id\":\"https:\/\/yihr.rs\/sq\/mbeshtesni-punen-e-nismes-2\/#breadcrumb\",\"itemListElement\":[{\"@type\":\"ListItem\",\"position\":1,\"name\":\"Home\",\"item\":\"https:\/\/yihr.rs\/sq\/\"},{\"@type\":\"ListItem\",\"position\":2,\"name\":\"Mb\u00ebshtesni pun\u00ebn e Nism\u00ebs\"}]},{\"@type\":\"WebSite\",\"@id\":\"https:\/\/yihr.rs\/bhs\/#website\",\"url\":\"https:\/\/yihr.rs\/bhs\/\",\"name\":\"YIHR.rs\",\"description\":\"\",\"publisher\":{\"@id\":\"https:\/\/yihr.rs\/bhs\/#organization\"},\"potentialAction\":[{\"@type\":\"SearchAction\",\"target\":{\"@type\":\"EntryPoint\",\"urlTemplate\":\"https:\/\/yihr.rs\/bhs\/?s={search_term_string}\"},\"query-input\":\"required name=search_term_string\"}],\"inLanguage\":\"sq-AL\"},{\"@type\":\"Organization\",\"@id\":\"https:\/\/yihr.rs\/bhs\/#organization\",\"name\":\"Inicijativa mladih za ljudska prava\",\"url\":\"https:\/\/yihr.rs\/bhs\/\",\"logo\":{\"@type\":\"ImageObject\",\"inLanguage\":\"sq-AL\",\"@id\":\"https:\/\/yihr.rs\/bhs\/#\/schema\/logo\/image\/\",\"url\":\"https:\/\/yihr.rs\/wp-content\/uploads\/2019\/04\/yihr-logo.png\",\"contentUrl\":\"https:\/\/yihr.rs\/wp-content\/uploads\/2019\/04\/yihr-logo.png\",\"width\":157,\"height\":54,\"caption\":\"Inicijativa mladih za ljudska prava\"},\"image\":{\"@id\":\"https:\/\/yihr.rs\/bhs\/#\/schema\/logo\/image\/\"}}]}<\/script>\n<!-- \/ Yoast SEO plugin. -->","yoast_head_json":{"title":"Mb\u00ebshtesni pun\u00ebn e Nism\u00ebs - YIHR.rs","robots":{"index":"index","follow":"follow","max-snippet":"max-snippet:-1","max-image-preview":"max-image-preview:large","max-video-preview":"max-video-preview:-1"},"canonical":"https:\/\/yihr.rs\/sq\/mbeshtesni-punen-e-nismes-2\/","og_locale":"sq_AL","og_type":"article","og_title":"Mb\u00ebshtesni pun\u00ebn e Nism\u00ebs - YIHR.rs","og_description":"Donacionet na ndihmojn\u00eb q\u00eb t\u00eb realizojm\u00eb q\u00ebllimet &nbsp; Nisma e t\u00eb Rinjve p\u00ebr t\u00eb Drejtat e Njeriut \u00ebsht\u00eb nj\u00eb organizat\u00eb jofitimprur\u00ebse e cila vepron mbi parimet e sundimit t\u00eb s\u00eb drejt\u00ebs, ruatjes s\u00eb vlerave t\u00eb shoq\u00ebris\u00eb civile dhe mbrojtjes s\u00eb t\u00eb drejtave t\u00eb njeriut. Faleminderit q\u00eb njihni pun\u00ebn ton\u00eb si nj\u00eb pun\u00eb t\u00eb r\u00ebnd\u00ebsishme p\u00ebr... View Article","og_url":"https:\/\/yihr.rs\/sq\/mbeshtesni-punen-e-nismes-2\/","og_site_name":"YIHR.rs","article_modified_time":"2020-04-14T21:07:36+00:00","twitter_card":"summary_large_image","twitter_misc":{"Est. reading time":"1 minute"},"schema":{"@context":"https:\/\/schema.org","@graph":[{"@type":"WebPage","@id":"https:\/\/yihr.rs\/sq\/mbeshtesni-punen-e-nismes-2\/","url":"https:\/\/yihr.rs\/sq\/mbeshtesni-punen-e-nismes-2\/","name":"Mb\u00ebshtesni pun\u00ebn e Nism\u00ebs - YIHR.rs","isPartOf":{"@id":"https:\/\/yihr.rs\/bhs\/#website"},"datePublished":"2020-04-14T21:07:13+00:00","dateModified":"2020-04-14T21:07:36+00:00","breadcrumb":{"@id":"https:\/\/yihr.rs\/sq\/mbeshtesni-punen-e-nismes-2\/#breadcrumb"},"inLanguage":"sq-AL","potentialAction":[{"@type":"ReadAction","target":["https:\/\/yihr.rs\/sq\/mbeshtesni-punen-e-nismes-2\/"]}]},{"@type":"BreadcrumbList","@id":"https:\/\/yihr.rs\/sq\/mbeshtesni-punen-e-nismes-2\/#breadcrumb","itemListElement":[{"@type":"ListItem","position":1,"name":"Home","item":"https:\/\/yihr.rs\/sq\/"},{"@type":"ListItem","position":2,"name":"Mb\u00ebshtesni pun\u00ebn e Nism\u00ebs"}]},{"@type":"WebSite","@id":"https:\/\/yihr.rs\/bhs\/#website","url":"https:\/\/yihr.rs\/bhs\/","name":"YIHR.rs","description":"","publisher":{"@id":"https:\/\/yihr.rs\/bhs\/#organization"},"potentialAction":[{"@type":"SearchAction","target":{"@type":"EntryPoint","urlTemplate":"https:\/\/yihr.rs\/bhs\/?s={search_term_string}"},"query-input":"required name=search_term_string"}],"inLanguage":"sq-AL"},{"@type":"Organization","@id":"https:\/\/yihr.rs\/bhs\/#organization","name":"Inicijativa mladih za ljudska prava","url":"https:\/\/yihr.rs\/bhs\/","logo":{"@type":"ImageObject","inLanguage":"sq-AL","@id":"https:\/\/yihr.rs\/bhs\/#\/schema\/logo\/image\/","url":"https:\/\/yihr.rs\/wp-content\/uploads\/2019\/04\/yihr-logo.png","contentUrl":"https:\/\/yihr.rs\/wp-content\/uploads\/2019\/04\/yihr-logo.png","width":157,"height":54,"caption":"Inicijativa mladih za ljudska prava"},"image":{"@id":"https:\/\/yihr.rs\/bhs\/#\/schema\/logo\/image\/"}}]}},"_links":{"self":[{"href":"https:\/\/yihr.rs\/sq\/wp-json\/wp\/v2\/pages\/8972"}],"collection":[{"href":"https:\/\/yihr.rs\/sq\/wp-json\/wp\/v2\/pages"}],"about":[{"href":"https:\/\/yihr.rs\/sq\/wp-json\/wp\/v2\/types\/page"}],"author":[{"embeddable":true,"href":"https:\/\/yihr.rs\/sq\/wp-json\/wp\/v2\/users\/2"}],"replies":[{"embeddable":true,"href":"https:\/\/yihr.rs\/sq\/wp-json\/wp\/v2\/comments?post=8972"}],"version-history":[{"count":4,"href":"https:\/\/yihr.rs\/sq\/wp-json\/wp\/v2\/pages\/8972\/revisions"}],"predecessor-version":[{"id":8976,"href":"https:\/\/yihr.rs\/sq\/wp-json\/wp\/v2\/pages\/8972\/revisions\/8976"}],"wp:attachment":[{"href":"https:\/\/yihr.rs\/sq\/wp-json\/wp\/v2\/media?parent=8972"}],"curies":[{"name":"wp","href":"https:\/\/api.w.org\/{rel}","templated":true}]}}