{"id":8959,"date":"2020-04-14T16:03:10","date_gmt":"2020-04-14T15:03:10","guid":{"rendered":"https:\/\/yihr.rs\/?page_id=8959"},"modified":"2020-04-14T22:20:50","modified_gmt":"2020-04-14T21:20:50","slug":"nisma-ime","status":"publish","type":"page","link":"https:\/\/yihr.rs\/sq\/nisma-ime\/","title":{"rendered":"Nisma Ime"},"content":{"rendered":"<p>Nisma Ime \u00ebsht\u00eb nj\u00eb rrjet aktivist\u00ebsh i p\u00ebrb\u00ebr\u00eb nga njer\u00ebzit e rinj dhe t\u00eb guxhimsh\u00ebm an\u00ebmban\u00eb Serbis\u00eb, t\u00eb cil\u00ebt luftojn\u00eb dit\u00eb p\u00ebr dit\u00eb p\u00ebr nj\u00eb shoq\u00ebri m\u00eb t\u00eb drejt\u00eb, respektimin e t\u00eb drejtave t\u00eb njeriut dhe bashk\u00ebpunimin rajonal.<\/p>\n<p>NE luftojm\u00eb p\u00ebr vlerat demokratike dhe marrim pjes\u00eb n\u00eb m\u00ebnyr\u00eb aktive n\u00eb krijimin e nj\u00eb shoq\u00ebrie n\u00eb t\u00eb cil\u00ebn duam t\u00eb jetojm\u00eb.<\/p>\n<p>NE e nxisim nj\u00ebri-tjetrin dhe nuk kemi frike t\u00eb jemi nxit\u00ebs t\u00eb ndryshimeve shoq\u00ebrore dhe politike.<\/p>\n<p>NE i tregojm\u00eb problemet, zhvillojm\u00eb mendimin kritik, ballafaqohemi me t\u00eb kaluar\u00ebn dhe luftojm\u00eb p\u00ebr ata t\u00eb cil\u00ebve u cenohen t\u00eb drejtat.<\/p>\n<p>Nisma Ime \u00ebsht\u00eb e hapur p\u00ebr t\u00eb gjith\u00eb q\u00eb ndajn\u00eb vlerat dhe parimet tona.<\/p>\n","protected":false},"excerpt":{"rendered":"Nisma Ime \u00ebsht\u00eb nj\u00eb rrjet aktivist\u00ebsh i p\u00ebrb\u00ebr\u00eb nga njer\u00ebzit e rinj dhe t\u00eb guxhimsh\u00ebm an\u00ebmban\u00eb Serbis\u00eb, t\u00eb cil\u00ebt luftojn\u00eb dit\u00eb p\u00ebr dit\u00eb p\u00ebr nj\u00eb shoq\u00ebri m\u00eb t\u00eb drejt\u00eb, respektimin e t\u00eb drejtave t\u00eb njeriut dhe bashk\u00ebpunimin rajonal. NE luftojm\u00eb p\u00ebr vlerat demokratike dhe marrim pjes\u00eb n\u00eb m\u00ebnyr\u00eb aktive n\u00eb krijimin e nj\u00eb shoq\u00ebrie n\u00eb&#8230; <a class=\"view-article\" href=\"https:\/\/yihr.rs\/sq\/nisma-ime\/\">View Article<\/a>","protected":false},"author":2,"featured_media":0,"parent":0,"menu_order":0,"comment_status":"closed","ping_status":"closed","template":"","meta":{"ngg_post_thumbnail":0},"acf":[],"yoast_head":"<!-- This site is optimized with the Yoast SEO plugin v20.7 - https:\/\/yoast.com\/wordpress\/plugins\/seo\/ -->\n<title>Nisma Ime - YIHR.rs<\/title>\n<meta name=\"robots\" content=\"index, follow, max-snippet:-1, max-image-preview:large, max-video-preview:-1\" \/>\n<link rel=\"canonical\" href=\"https:\/\/yihr.rs\/sq\/nisma-ime\/\" \/>\n<meta property=\"og:locale\" content=\"sq_AL\" \/>\n<meta property=\"og:type\" content=\"article\" \/>\n<meta property=\"og:title\" content=\"Nisma Ime - YIHR.rs\" \/>\n<meta property=\"og:description\" content=\"Nisma Ime \u00ebsht\u00eb nj\u00eb rrjet aktivist\u00ebsh i p\u00ebrb\u00ebr\u00eb nga njer\u00ebzit e rinj dhe t\u00eb guxhimsh\u00ebm an\u00ebmban\u00eb Serbis\u00eb, t\u00eb cil\u00ebt luftojn\u00eb dit\u00eb p\u00ebr dit\u00eb p\u00ebr nj\u00eb shoq\u00ebri m\u00eb t\u00eb drejt\u00eb, respektimin e t\u00eb drejtave t\u00eb njeriut dhe bashk\u00ebpunimin rajonal. NE luftojm\u00eb p\u00ebr vlerat demokratike dhe marrim pjes\u00eb n\u00eb m\u00ebnyr\u00eb aktive n\u00eb krijimin e nj\u00eb shoq\u00ebrie n\u00eb... View Article\" \/>\n<meta property=\"og:url\" content=\"https:\/\/yihr.rs\/sq\/nisma-ime\/\" \/>\n<meta property=\"og:site_name\" content=\"YIHR.rs\" \/>\n<meta property=\"article:modified_time\" content=\"2020-04-14T21:20:50+00:00\" \/>\n<meta name=\"twitter:card\" content=\"summary_large_image\" \/>\n<meta name=\"twitter:label1\" content=\"Est. reading time\" \/>\n\t<meta name=\"twitter:data1\" content=\"1 minute\" \/>\n<script type=\"application\/ld+json\" class=\"yoast-schema-graph\">{\"@context\":\"https:\/\/schema.org\",\"@graph\":[{\"@type\":\"WebPage\",\"@id\":\"https:\/\/yihr.rs\/sq\/nisma-ime\/\",\"url\":\"https:\/\/yihr.rs\/sq\/nisma-ime\/\",\"name\":\"Nisma Ime - YIHR.rs\",\"isPartOf\":{\"@id\":\"https:\/\/yihr.rs\/bhs\/#website\"},\"datePublished\":\"2020-04-14T15:03:10+00:00\",\"dateModified\":\"2020-04-14T21:20:50+00:00\",\"breadcrumb\":{\"@id\":\"https:\/\/yihr.rs\/sq\/nisma-ime\/#breadcrumb\"},\"inLanguage\":\"sq-AL\",\"potentialAction\":[{\"@type\":\"ReadAction\",\"target\":[\"https:\/\/yihr.rs\/sq\/nisma-ime\/\"]}]},{\"@type\":\"BreadcrumbList\",\"@id\":\"https:\/\/yihr.rs\/sq\/nisma-ime\/#breadcrumb\",\"itemListElement\":[{\"@type\":\"ListItem\",\"position\":1,\"name\":\"Home\",\"item\":\"https:\/\/yihr.rs\/sq\/\"},{\"@type\":\"ListItem\",\"position\":2,\"name\":\"Nisma Ime\"}]},{\"@type\":\"WebSite\",\"@id\":\"https:\/\/yihr.rs\/bhs\/#website\",\"url\":\"https:\/\/yihr.rs\/bhs\/\",\"name\":\"YIHR.rs\",\"description\":\"\",\"publisher\":{\"@id\":\"https:\/\/yihr.rs\/bhs\/#organization\"},\"potentialAction\":[{\"@type\":\"SearchAction\",\"target\":{\"@type\":\"EntryPoint\",\"urlTemplate\":\"https:\/\/yihr.rs\/bhs\/?s={search_term_string}\"},\"query-input\":\"required name=search_term_string\"}],\"inLanguage\":\"sq-AL\"},{\"@type\":\"Organization\",\"@id\":\"https:\/\/yihr.rs\/bhs\/#organization\",\"name\":\"Inicijativa mladih za ljudska prava\",\"url\":\"https:\/\/yihr.rs\/bhs\/\",\"logo\":{\"@type\":\"ImageObject\",\"inLanguage\":\"sq-AL\",\"@id\":\"https:\/\/yihr.rs\/bhs\/#\/schema\/logo\/image\/\",\"url\":\"https:\/\/yihr.rs\/wp-content\/uploads\/2019\/04\/yihr-logo.png\",\"contentUrl\":\"https:\/\/yihr.rs\/wp-content\/uploads\/2019\/04\/yihr-logo.png\",\"width\":157,\"height\":54,\"caption\":\"Inicijativa mladih za ljudska prava\"},\"image\":{\"@id\":\"https:\/\/yihr.rs\/bhs\/#\/schema\/logo\/image\/\"}}]}<\/script>\n<!-- \/ Yoast SEO plugin. -->","yoast_head_json":{"title":"Nisma Ime - YIHR.rs","robots":{"index":"index","follow":"follow","max-snippet":"max-snippet:-1","max-image-preview":"max-image-preview:large","max-video-preview":"max-video-preview:-1"},"canonical":"https:\/\/yihr.rs\/sq\/nisma-ime\/","og_locale":"sq_AL","og_type":"article","og_title":"Nisma Ime - YIHR.rs","og_description":"Nisma Ime \u00ebsht\u00eb nj\u00eb rrjet aktivist\u00ebsh i p\u00ebrb\u00ebr\u00eb nga njer\u00ebzit e rinj dhe t\u00eb guxhimsh\u00ebm an\u00ebmban\u00eb Serbis\u00eb, t\u00eb cil\u00ebt luftojn\u00eb dit\u00eb p\u00ebr dit\u00eb p\u00ebr nj\u00eb shoq\u00ebri m\u00eb t\u00eb drejt\u00eb, respektimin e t\u00eb drejtave t\u00eb njeriut dhe bashk\u00ebpunimin rajonal. NE luftojm\u00eb p\u00ebr vlerat demokratike dhe marrim pjes\u00eb n\u00eb m\u00ebnyr\u00eb aktive n\u00eb krijimin e nj\u00eb shoq\u00ebrie n\u00eb... View Article","og_url":"https:\/\/yihr.rs\/sq\/nisma-ime\/","og_site_name":"YIHR.rs","article_modified_time":"2020-04-14T21:20:50+00:00","twitter_card":"summary_large_image","twitter_misc":{"Est. reading time":"1 minute"},"schema":{"@context":"https:\/\/schema.org","@graph":[{"@type":"WebPage","@id":"https:\/\/yihr.rs\/sq\/nisma-ime\/","url":"https:\/\/yihr.rs\/sq\/nisma-ime\/","name":"Nisma Ime - YIHR.rs","isPartOf":{"@id":"https:\/\/yihr.rs\/bhs\/#website"},"datePublished":"2020-04-14T15:03:10+00:00","dateModified":"2020-04-14T21:20:50+00:00","breadcrumb":{"@id":"https:\/\/yihr.rs\/sq\/nisma-ime\/#breadcrumb"},"inLanguage":"sq-AL","potentialAction":[{"@type":"ReadAction","target":["https:\/\/yihr.rs\/sq\/nisma-ime\/"]}]},{"@type":"BreadcrumbList","@id":"https:\/\/yihr.rs\/sq\/nisma-ime\/#breadcrumb","itemListElement":[{"@type":"ListItem","position":1,"name":"Home","item":"https:\/\/yihr.rs\/sq\/"},{"@type":"ListItem","position":2,"name":"Nisma Ime"}]},{"@type":"WebSite","@id":"https:\/\/yihr.rs\/bhs\/#website","url":"https:\/\/yihr.rs\/bhs\/","name":"YIHR.rs","description":"","publisher":{"@id":"https:\/\/yihr.rs\/bhs\/#organization"},"potentialAction":[{"@type":"SearchAction","target":{"@type":"EntryPoint","urlTemplate":"https:\/\/yihr.rs\/bhs\/?s={search_term_string}"},"query-input":"required name=search_term_string"}],"inLanguage":"sq-AL"},{"@type":"Organization","@id":"https:\/\/yihr.rs\/bhs\/#organization","name":"Inicijativa mladih za ljudska prava","url":"https:\/\/yihr.rs\/bhs\/","logo":{"@type":"ImageObject","inLanguage":"sq-AL","@id":"https:\/\/yihr.rs\/bhs\/#\/schema\/logo\/image\/","url":"https:\/\/yihr.rs\/wp-content\/uploads\/2019\/04\/yihr-logo.png","contentUrl":"https:\/\/yihr.rs\/wp-content\/uploads\/2019\/04\/yihr-logo.png","width":157,"height":54,"caption":"Inicijativa mladih za ljudska prava"},"image":{"@id":"https:\/\/yihr.rs\/bhs\/#\/schema\/logo\/image\/"}}]}},"_links":{"self":[{"href":"https:\/\/yihr.rs\/sq\/wp-json\/wp\/v2\/pages\/8959"}],"collection":[{"href":"https:\/\/yihr.rs\/sq\/wp-json\/wp\/v2\/pages"}],"about":[{"href":"https:\/\/yihr.rs\/sq\/wp-json\/wp\/v2\/types\/page"}],"author":[{"embeddable":true,"href":"https:\/\/yihr.rs\/sq\/wp-json\/wp\/v2\/users\/2"}],"replies":[{"embeddable":true,"href":"https:\/\/yihr.rs\/sq\/wp-json\/wp\/v2\/comments?post=8959"}],"version-history":[{"count":2,"href":"https:\/\/yihr.rs\/sq\/wp-json\/wp\/v2\/pages\/8959\/revisions"}],"predecessor-version":[{"id":8981,"href":"https:\/\/yihr.rs\/sq\/wp-json\/wp\/v2\/pages\/8959\/revisions\/8981"}],"wp:attachment":[{"href":"https:\/\/yihr.rs\/sq\/wp-json\/wp\/v2\/media?parent=8959"}],"curies":[{"name":"wp","href":"https:\/\/api.w.org\/{rel}","templated":true}]}}