{"id":8955,"date":"2020-04-14T15:45:38","date_gmt":"2020-04-14T14:45:38","guid":{"rendered":"https:\/\/yihr.rs\/?page_id=8955"},"modified":"2020-12-15T19:10:44","modified_gmt":"2020-12-15T18:10:44","slug":"pyetjet-e-shpeshta","status":"publish","type":"page","link":"https:\/\/yihr.rs\/sq\/pyetjet-e-shpeshta\/","title":{"rendered":"Pyetjet e shpeshta"},"content":{"rendered":"<p><strong>\u00c7far\u00eb \u00ebsht\u00eb Nisma e t\u00eb Rinj\u00ebve p\u00ebr t\u00eb Drejtat e Njeriut?<\/strong><\/p>\n<p>Nisma e t\u00eb Rinj\u00ebve p\u00ebr t\u00eb Drejtat e Njeriut (YIHR) \u00ebsht\u00eb nj\u00eb rrjet rajonal i organizatave joqeveritare me zyre n\u00eb Serbi, Kroaci, Mal t\u00eb Zi, Bosnj\u00eb dhe Hercegovin\u00eb dhe Kosov\u00eb. Vlerat tona jan\u00eb e v\u00ebrteta, drejt\u00ebsia, llogaridh\u00ebnia, barazia, liria, demokracia dhe paqja. Ne po luftojm\u00eb p\u00ebr paqe n\u00eb rajon, jo vet\u00ebm q\u00eb mos t\u00eb ket\u00eb luft\u00eb, por p\u00ebr paqen si nj\u00eb proces t\u00eb q\u00ebndruesh\u00ebm q\u00eb rezulton n\u00eb nj\u00eb bashk\u00ebpunim t\u00eb vazhduesh\u00ebm mes shteteve dhe njer\u00ebzve n\u00eb vendet ish-Jugosllave dhe Ballkanit Per\u00ebndimor.<\/p>\n<p>Q\u00eb nga fillimet e tij, YIHR gjithashtu ka organizuar programe shk\u00ebmbimi n\u00eb nivel rajonal p\u00ebrmes t\u00eb cilave t\u00eb rinj\u00eb &#8211; nx\u00ebn\u00ebs t\u00eb shkoll\u00ebs s\u00eb mesme, student\u00eb, profesionist\u00eb juridik\u00eb, gazetar\u00eb, aktivist\u00eb, artist\u00eb &#8211; kan\u00eb mund\u00ebsi t\u00eb njihen me koleg\u00ebt e tyre nga vendet e rajonit, pjes\u00eb n\u00eb programet edukative mbi luft\u00ebrat e viteve 1990, t\u00eb drejtat e njeriut dhe demokracin\u00eb, si dhe p\u00ebr t\u00eb diskutuar t\u00eb ardhmen n\u00eb rajon. Deri m\u00eb tani,&nbsp; m\u00eb shum\u00eb se 15 mij\u00eb t\u00eb rinj kan\u00eb qen\u00eb pjes\u00eb n\u00eb programet tona. Q\u00eb nga fillimi i pun\u00ebs son\u00eb, ne kemi organizuar m\u00eb shum\u00eb se 200 programe trajnimi dhe edukimi, kemi publikuar qindra njoftime publike, kemi botuar m\u00eb shum\u00eb se 30 raporte dhe studime analitike, kemi organizuar 300 aksione dhe protesta n\u00eb rrug\u00eb dhe kemi fituar 15 \u00e7\u00ebshtje para gjykatave komb\u00ebtare dhe nd\u00ebrkomb\u00ebtare.<\/p>\n<p>P\u00ebr detaje rreth pun\u00ebs s\u00eb YIHR, ju lutemi shkoni te \u2018Rreth nesh\u2019.<\/p>\n<p><strong>Kur u themelua organizata?<\/strong><\/p>\n<p>Nisma e t\u00eb Rinj\u00ebve p\u00ebr t\u00eb Drejtat e Njeriut n\u00eb Serbi \u00ebsht\u00eb themeluar n\u00eb vitin 2003.<\/p>\n<p><strong>\u00c7far\u00eb vlerash mbron YIHR?<\/strong><\/p>\n<p>Vlerat themelore t\u00eb Nism\u00ebs s\u00eb t\u00eb Rinj\u00ebve p\u00ebr t\u00eb Drejtat e Njeriut jan\u00eb e v\u00ebrteta, drejt\u00ebsia, llogaridh\u00ebnia, barazia, liria, demokracia dhe paqja.<\/p>\n<p><strong>Sa an\u00ebtar\u00eb ka ekipi i YIHR?<\/strong><\/p>\n<p>Ekipi i Nism\u00ebs s\u00eb t\u00eb Rinj\u00ebve p\u00ebr t\u00eb Drejtat e Njeriut n\u00eb Serbi ka 15 an\u00ebtar\u00eb, nd\u00ebrsa t\u00eb gjitha zyrat e YIHR n\u00eb rajon angazhojn\u00eb rreth 50 persona.<\/p>\n<p><strong>Ku mund t\u00eb gjeni t\u00eb vendosura zyret e YIHR?<\/strong><\/p>\n<p>Nisma e t\u00eb Rinj\u00ebve p\u00ebr t\u00eb Drejtat e Njeriut ka zyre n\u00eb Beograd, Sarajev\u00eb, Podgoric\u00eb, Prishtin\u00eb dhe Zagreb.<\/p>\n<p><strong>Si financohet YIHR?<\/strong><\/p>\n<p>Ashtu si shumica e organizatave joqeveritare n\u00eb Serbi dhe n\u00eb bot\u00eb, Nisma e t\u00eb Rinj\u00ebve p\u00ebr t\u00eb Drejtat e Njeriut financohet nga projektet. Ne k\u00ebrkojm\u00eb mb\u00ebshtetje p\u00ebr idet\u00eb dhe aktivitetet tona p\u00ebrmes t\u00eb cilave d\u00ebshirojm\u00eb t\u00eb krijojm\u00eb nj\u00eb t\u00eb ardhme t\u00eb re p\u00ebr rajonin, shoq\u00ebrin\u00eb dhe t\u00eb rinjt\u00eb n\u00eb Serbi duke aplikuar me projektin ton\u00eb n\u00eb fondacionet evropiane dhe globale. Ne jemi krenar\u00eb q\u00eb, p\u00ebr gati dy dekada, fondet e shumta t\u00eb donator\u00ebve kan\u00eb qen\u00eb t\u00eb vet\u00ebdijsh\u00ebm p\u00ebr r\u00ebnd\u00ebsin\u00eb e pun\u00ebs s\u00eb YIHR dhe kan\u00eb mb\u00ebshtetur idet\u00eb dhe p\u00ebrpjekjet tona p\u00ebr nj\u00eb t\u00eb ardhme m\u00eb t\u00eb mir\u00eb t\u00eb Ballkanit Per\u00ebndimor.<\/p>\n<p>Disa nga donator\u00ebt tan\u00eb jan\u00eb Komisioni Evropian, Fondacioni Charles Stewart Mott, NED, Sigrid Rausing Trust, Fondacioni i Shoq\u00ebris\u00eb s\u00eb Hapur, Ambasada Amerikane n\u00eb Serbi, Ambasada Gjermane n\u00eb Serbi dhe t\u00eb tjer\u00ebt.<\/p>\n<p><strong>Cili \u00ebsht\u00eb q\u00ebndrimi i YIHR-s\u00eb p\u00ebr Kosov\u00ebn?<\/strong><\/p>\n<p>Nisma e t\u00eb Rinj\u00ebve p\u00ebr t\u00eb Drejtat e Njeriut si organizat\u00eb respekton pavar\u00ebsin\u00eb e Kosov\u00ebs. Ne e mb\u00ebshtesim k\u00ebt\u00eb q\u00ebndrim n\u00eb faktet vijuese: Kosova shpalli pavar\u00ebsin\u00eb e saj n\u00eb 2008; ka qeverin\u00eb, policin\u00eb dhe institucionet e saj t\u00eb pavarura nga Serbia; \u00ebsht\u00eb an\u00ebtar i organizatave t\u00eb shumta evropiane dhe nd\u00ebrkomb\u00ebtare dhe njihet si shtet nga shumica e vendeve an\u00ebtare t\u00eb KB. N\u00eb lidhje me Kosov\u00ebn, YIHR insiston n\u00eb ndjekjen penale t\u00eb t\u00eb gjitha krimeve t\u00eb luft\u00ebs dhe hetimin e akuzave kund\u00ebr t\u00eb gjith\u00eb personave t\u00eb dyshuar p\u00ebr kryerjen e krimeve t\u00eb luft\u00ebs. Ne monitorojm\u00eb shkeljet e t\u00eb drejtave t\u00eb njeriut n\u00eb Kosov\u00eb me shum\u00eb kujdes, ve\u00e7an\u00ebrisht ato q\u00eb prekin komunitetet pakic\u00eb.<\/p>\n<p><strong>A mb\u00ebshtet YIHR parti t\u00eb caktuara politike?<\/strong><\/p>\n<p>Si organizat\u00eb, Nisma e t\u00eb Rinj\u00ebve p\u00ebr t\u00eb Drejtat e Njeriut, nuk mb\u00ebshtet asnj\u00eb parti politike, por ajo n\u00eb m\u00ebnyr\u00eb aktive kund\u00ebrshton partit\u00eb q\u00eb promovojn\u00eb urrejtje, dhun\u00eb, mos toleranc\u00eb dhe politik\u00eb nxit\u00ebse t\u00eb luft\u00ebs.<\/p>\n<p><strong>Cili \u00ebsht\u00eb pozicioni i YIHR mbi gjenocidin n\u00eb Srebrenica?<\/strong><\/p>\n<p>N\u00eb p\u00ebrputhje me gjykimet e gjykat\u00ebs dhe faktet e v\u00ebrtetuara t\u00eb cilat Serbia \u00ebsht\u00eb e detyruar t\u00eb respektoj\u00eb sipas ligjit, Nisma e t\u00eb Rinj\u00ebve p\u00ebr t\u00eb Drejtat e Njeriut insiston n\u00eb r\u00ebnd\u00ebsin\u00eb e termit \u2018gjenocid\u2019 kur flet p\u00ebr Srebrenica. P\u00ebrdorimi i termave t\u00eb till\u00eb si &#8216;masakra&#8217; ose &#8216;krimi i tmerrsh\u00ebm&#8217; zvog\u00eblon dhe relativizon pesh\u00ebn e krimit t\u00eb kryer dhe \u00ebsht\u00eb nj\u00eb fyerje p\u00ebr kujtes\u00ebn e viktimave.<\/p>\n<p>Megjith\u00ebse gjykimet e Tribunalit t\u00eb Hag\u00ebs (ICTY) shpesh interpretohen n\u00eb qarqet nacionaliste si gjykime kund\u00ebr qytetar\u00ebve t\u00eb Serbis\u00eb, duke p\u00ebrdorur gjithashtu termin &#8216;njer\u00ebz gjenocidal&#8217;, YIHR vazhdimisht p\u00ebrkujton se p\u00ebrgjegj\u00ebsia p\u00ebr \u00e7do krim mund t\u00eb jet\u00eb vet\u00ebm individuale dhe n\u00eb asnj\u00eb m\u00ebnyr\u00eb nuk vlen p\u00ebr nj\u00eb komb n\u00eb t\u00ebr\u00ebsi.<\/p>\n<p><strong>Cili \u00ebsht\u00eb pozicioni i YIHR mbi t\u00eb drejtat LGBT +?<\/strong><\/p>\n<p>Nisma e t\u00eb Rinj\u00ebve p\u00ebr t\u00eb Drejtat e Njeriut do t\u00eb jet\u00eb gjithnj\u00eb aleate n\u00eb luft\u00ebn p\u00ebr fitimin e lirive dhe respektimin e njer\u00ebzve nga t\u00eb gjitha identitetet gjinore dhe orientimet seksuale, sepse ne besojm\u00eb se diskriminimi n\u00eb \u00e7far\u00ebdo baze \u00ebsht\u00eb i papranuesh\u00ebm. YIHR lufton p\u00ebr toleranc\u00ebn dhe edukimin e t\u00eb rinjt\u00ebve n\u00eb m\u00ebnyr\u00eb q\u00eb t\u00eb gjith\u00eb an\u00ebtar\u00ebt e shoq\u00ebris\u00eb son\u00eb t\u00eb ken\u00eb mund\u00ebsi t\u00eb njihen me dallimet, por edhe me v\u00ebshtir\u00ebsit\u00eb q\u00eb prodhon injoranca dhe urrejtja ndaj k\u00ebtij segmenti t\u00eb shoq\u00ebris\u00eb n\u00eb jet\u00ebn e nj\u00eb individi.<\/p>\n","protected":false},"excerpt":{"rendered":"\u00c7far\u00eb \u00ebsht\u00eb Nisma e t\u00eb Rinj\u00ebve p\u00ebr t\u00eb Drejtat e Njeriut? Nisma e t\u00eb Rinj\u00ebve p\u00ebr t\u00eb Drejtat e Njeriut (YIHR) \u00ebsht\u00eb nj\u00eb rrjet rajonal i organizatave joqeveritare me zyre n\u00eb Serbi, Kroaci, Mal t\u00eb Zi, Bosnj\u00eb dhe Hercegovin\u00eb dhe Kosov\u00eb. Vlerat tona jan\u00eb e v\u00ebrteta, drejt\u00ebsia, llogaridh\u00ebnia, barazia, liria, demokracia dhe paqja. Ne po&#8230; <a class=\"view-article\" href=\"https:\/\/yihr.rs\/sq\/pyetjet-e-shpeshta\/\">View Article<\/a>","protected":false},"author":2,"featured_media":0,"parent":0,"menu_order":0,"comment_status":"closed","ping_status":"closed","template":"","meta":{"ngg_post_thumbnail":0},"acf":[],"yoast_head":"<!-- This site is optimized with the Yoast SEO plugin v20.7 - https:\/\/yoast.com\/wordpress\/plugins\/seo\/ -->\n<title>Pyetjet e shpeshta - YIHR.rs<\/title>\n<meta name=\"robots\" content=\"index, follow, max-snippet:-1, max-image-preview:large, max-video-preview:-1\" \/>\n<link rel=\"canonical\" href=\"https:\/\/yihr.rs\/sq\/pyetjet-e-shpeshta\/\" \/>\n<meta property=\"og:locale\" content=\"sq_AL\" \/>\n<meta property=\"og:type\" content=\"article\" \/>\n<meta property=\"og:title\" content=\"Pyetjet e shpeshta - YIHR.rs\" \/>\n<meta property=\"og:description\" content=\"\u00c7far\u00eb \u00ebsht\u00eb Nisma e t\u00eb Rinj\u00ebve p\u00ebr t\u00eb Drejtat e Njeriut? Nisma e t\u00eb Rinj\u00ebve p\u00ebr t\u00eb Drejtat e Njeriut (YIHR) \u00ebsht\u00eb nj\u00eb rrjet rajonal i organizatave joqeveritare me zyre n\u00eb Serbi, Kroaci, Mal t\u00eb Zi, Bosnj\u00eb dhe Hercegovin\u00eb dhe Kosov\u00eb. Vlerat tona jan\u00eb e v\u00ebrteta, drejt\u00ebsia, llogaridh\u00ebnia, barazia, liria, demokracia dhe paqja. Ne po... View Article\" \/>\n<meta property=\"og:url\" content=\"https:\/\/yihr.rs\/sq\/pyetjet-e-shpeshta\/\" \/>\n<meta property=\"og:site_name\" content=\"YIHR.rs\" \/>\n<meta property=\"article:modified_time\" content=\"2020-12-15T18:10:44+00:00\" \/>\n<meta name=\"twitter:card\" content=\"summary_large_image\" \/>\n<meta name=\"twitter:label1\" content=\"Est. reading time\" \/>\n\t<meta name=\"twitter:data1\" content=\"5 minutes\" \/>\n<script type=\"application\/ld+json\" class=\"yoast-schema-graph\">{\"@context\":\"https:\/\/schema.org\",\"@graph\":[{\"@type\":\"WebPage\",\"@id\":\"https:\/\/yihr.rs\/sq\/pyetjet-e-shpeshta\/\",\"url\":\"https:\/\/yihr.rs\/sq\/pyetjet-e-shpeshta\/\",\"name\":\"Pyetjet e shpeshta - YIHR.rs\",\"isPartOf\":{\"@id\":\"https:\/\/yihr.rs\/bhs\/#website\"},\"datePublished\":\"2020-04-14T14:45:38+00:00\",\"dateModified\":\"2020-12-15T18:10:44+00:00\",\"breadcrumb\":{\"@id\":\"https:\/\/yihr.rs\/sq\/pyetjet-e-shpeshta\/#breadcrumb\"},\"inLanguage\":\"sq-AL\",\"potentialAction\":[{\"@type\":\"ReadAction\",\"target\":[\"https:\/\/yihr.rs\/sq\/pyetjet-e-shpeshta\/\"]}]},{\"@type\":\"BreadcrumbList\",\"@id\":\"https:\/\/yihr.rs\/sq\/pyetjet-e-shpeshta\/#breadcrumb\",\"itemListElement\":[{\"@type\":\"ListItem\",\"position\":1,\"name\":\"Home\",\"item\":\"https:\/\/yihr.rs\/sq\/\"},{\"@type\":\"ListItem\",\"position\":2,\"name\":\"Pyetjet e shpeshta\"}]},{\"@type\":\"WebSite\",\"@id\":\"https:\/\/yihr.rs\/bhs\/#website\",\"url\":\"https:\/\/yihr.rs\/bhs\/\",\"name\":\"YIHR.rs\",\"description\":\"\",\"publisher\":{\"@id\":\"https:\/\/yihr.rs\/bhs\/#organization\"},\"potentialAction\":[{\"@type\":\"SearchAction\",\"target\":{\"@type\":\"EntryPoint\",\"urlTemplate\":\"https:\/\/yihr.rs\/bhs\/?s={search_term_string}\"},\"query-input\":\"required name=search_term_string\"}],\"inLanguage\":\"sq-AL\"},{\"@type\":\"Organization\",\"@id\":\"https:\/\/yihr.rs\/bhs\/#organization\",\"name\":\"Inicijativa mladih za ljudska prava\",\"url\":\"https:\/\/yihr.rs\/bhs\/\",\"logo\":{\"@type\":\"ImageObject\",\"inLanguage\":\"sq-AL\",\"@id\":\"https:\/\/yihr.rs\/bhs\/#\/schema\/logo\/image\/\",\"url\":\"https:\/\/yihr.rs\/wp-content\/uploads\/2019\/04\/yihr-logo.png\",\"contentUrl\":\"https:\/\/yihr.rs\/wp-content\/uploads\/2019\/04\/yihr-logo.png\",\"width\":157,\"height\":54,\"caption\":\"Inicijativa mladih za ljudska prava\"},\"image\":{\"@id\":\"https:\/\/yihr.rs\/bhs\/#\/schema\/logo\/image\/\"}}]}<\/script>\n<!-- \/ Yoast SEO plugin. -->","yoast_head_json":{"title":"Pyetjet e shpeshta - YIHR.rs","robots":{"index":"index","follow":"follow","max-snippet":"max-snippet:-1","max-image-preview":"max-image-preview:large","max-video-preview":"max-video-preview:-1"},"canonical":"https:\/\/yihr.rs\/sq\/pyetjet-e-shpeshta\/","og_locale":"sq_AL","og_type":"article","og_title":"Pyetjet e shpeshta - YIHR.rs","og_description":"\u00c7far\u00eb \u00ebsht\u00eb Nisma e t\u00eb Rinj\u00ebve p\u00ebr t\u00eb Drejtat e Njeriut? Nisma e t\u00eb Rinj\u00ebve p\u00ebr t\u00eb Drejtat e Njeriut (YIHR) \u00ebsht\u00eb nj\u00eb rrjet rajonal i organizatave joqeveritare me zyre n\u00eb Serbi, Kroaci, Mal t\u00eb Zi, Bosnj\u00eb dhe Hercegovin\u00eb dhe Kosov\u00eb. Vlerat tona jan\u00eb e v\u00ebrteta, drejt\u00ebsia, llogaridh\u00ebnia, barazia, liria, demokracia dhe paqja. Ne po... View Article","og_url":"https:\/\/yihr.rs\/sq\/pyetjet-e-shpeshta\/","og_site_name":"YIHR.rs","article_modified_time":"2020-12-15T18:10:44+00:00","twitter_card":"summary_large_image","twitter_misc":{"Est. reading time":"5 minutes"},"schema":{"@context":"https:\/\/schema.org","@graph":[{"@type":"WebPage","@id":"https:\/\/yihr.rs\/sq\/pyetjet-e-shpeshta\/","url":"https:\/\/yihr.rs\/sq\/pyetjet-e-shpeshta\/","name":"Pyetjet e shpeshta - YIHR.rs","isPartOf":{"@id":"https:\/\/yihr.rs\/bhs\/#website"},"datePublished":"2020-04-14T14:45:38+00:00","dateModified":"2020-12-15T18:10:44+00:00","breadcrumb":{"@id":"https:\/\/yihr.rs\/sq\/pyetjet-e-shpeshta\/#breadcrumb"},"inLanguage":"sq-AL","potentialAction":[{"@type":"ReadAction","target":["https:\/\/yihr.rs\/sq\/pyetjet-e-shpeshta\/"]}]},{"@type":"BreadcrumbList","@id":"https:\/\/yihr.rs\/sq\/pyetjet-e-shpeshta\/#breadcrumb","itemListElement":[{"@type":"ListItem","position":1,"name":"Home","item":"https:\/\/yihr.rs\/sq\/"},{"@type":"ListItem","position":2,"name":"Pyetjet e shpeshta"}]},{"@type":"WebSite","@id":"https:\/\/yihr.rs\/bhs\/#website","url":"https:\/\/yihr.rs\/bhs\/","name":"YIHR.rs","description":"","publisher":{"@id":"https:\/\/yihr.rs\/bhs\/#organization"},"potentialAction":[{"@type":"SearchAction","target":{"@type":"EntryPoint","urlTemplate":"https:\/\/yihr.rs\/bhs\/?s={search_term_string}"},"query-input":"required name=search_term_string"}],"inLanguage":"sq-AL"},{"@type":"Organization","@id":"https:\/\/yihr.rs\/bhs\/#organization","name":"Inicijativa mladih za ljudska prava","url":"https:\/\/yihr.rs\/bhs\/","logo":{"@type":"ImageObject","inLanguage":"sq-AL","@id":"https:\/\/yihr.rs\/bhs\/#\/schema\/logo\/image\/","url":"https:\/\/yihr.rs\/wp-content\/uploads\/2019\/04\/yihr-logo.png","contentUrl":"https:\/\/yihr.rs\/wp-content\/uploads\/2019\/04\/yihr-logo.png","width":157,"height":54,"caption":"Inicijativa mladih za ljudska prava"},"image":{"@id":"https:\/\/yihr.rs\/bhs\/#\/schema\/logo\/image\/"}}]}},"_links":{"self":[{"href":"https:\/\/yihr.rs\/sq\/wp-json\/wp\/v2\/pages\/8955"}],"collection":[{"href":"https:\/\/yihr.rs\/sq\/wp-json\/wp\/v2\/pages"}],"about":[{"href":"https:\/\/yihr.rs\/sq\/wp-json\/wp\/v2\/types\/page"}],"author":[{"embeddable":true,"href":"https:\/\/yihr.rs\/sq\/wp-json\/wp\/v2\/users\/2"}],"replies":[{"embeddable":true,"href":"https:\/\/yihr.rs\/sq\/wp-json\/wp\/v2\/comments?post=8955"}],"version-history":[{"count":3,"href":"https:\/\/yihr.rs\/sq\/wp-json\/wp\/v2\/pages\/8955\/revisions"}],"predecessor-version":[{"id":10233,"href":"https:\/\/yihr.rs\/sq\/wp-json\/wp\/v2\/pages\/8955\/revisions\/10233"}],"wp:attachment":[{"href":"https:\/\/yihr.rs\/sq\/wp-json\/wp\/v2\/media?parent=8955"}],"curies":[{"name":"wp","href":"https:\/\/api.w.org\/{rel}","templated":true}]}}