{"id":864,"date":"2015-03-08T22:44:22","date_gmt":"2014-08-31T23:37:23","guid":{"rendered":"https:\/\/yihr.rs\/?page_id=864"},"modified":"2018-04-18T16:31:40","modified_gmt":"2018-04-18T15:31:40","slug":"stafi","status":"publish","type":"page","link":"https:\/\/yihr.rs\/sq\/stafi\/","title":{"rendered":"Nisma"},"content":{"rendered":"<p>Nisma e t\u00eb Rinjve p\u00ebr t\u00eb Drejtat e Njeriut (n\u00eb vazhdim Nisma) \u00ebsht\u00eb rrjet rajonal i organizatave joqeveritare me programe n\u00eb territoret e Serbis\u00eb, Kosov\u00ebs, Kroacis\u00eb, Malit t\u00eb Zi dhe Bosnje dhe Hercegovin\u00ebs.<\/p>\n<p>Nisma \u00ebsht\u00eb themeluar nga njer\u00ebz t\u00eb rinj t\u00eb k\u00ebtyre shteteve me q\u00ebllim t\u00eb ngritjes s\u00eb pjes\u00ebmarrjes s\u00eb t\u00eb rinjve n\u00eb demokratizimin e shoq\u00ebris\u00eb dhe fuqizimin e sundimit t\u00eb ligjit p\u00ebrmes procesit t\u00eb ballafaqimit me t\u00eb kaluar\u00ebn dhe krijimit t\u00eb lidhjeve t\u00eb reja,progresive, n\u00eb rajonin post-konfliktuoz t\u00eb ish- Jugosllavis\u00eb. Nisma \u00ebsht\u00eb formuar n\u00eb vitin 2003, dhe m\u00eb shum\u00eb se 30 njer\u00ebz punojn\u00eb n\u00eb projekte t\u00eb ndryshme n\u00eb baza ditore. Puna e organizat\u00ebs gjithashtu p\u00ebrfshin disa qindra aktivist.<\/p>\n<p>Misioni i Nism\u00ebs \u00ebsht\u00eb mbrojtja e viktimave t\u00eb shkeljeve t\u00eb t\u00eb drejtave t\u00eb njeriut, krijimi i lidhjeve t\u00eb reja n\u00eb rajon n\u00eb mes t\u00eb gjeneratave t\u00eb pas luft\u00ebs, si dhe p\u00ebrfshirja e t\u00eb rinjve n\u00eb procesin e drejt\u00ebsis\u00eb tranzicionale, p\u00ebrmes promovimit t\u00eb s\u00eb v\u00ebrtet\u00ebs p\u00ebr luft\u00ebrat n\u00eb ish Jugosllavi.<\/p>\n<p>Nisma e t\u00eb Rinjve p\u00ebr t\u00eb Drejtat e Njeriut promovon t\u00eb v\u00ebrtet\u00ebn, drejt\u00ebsin\u00eb, p\u00ebrgjegj\u00ebsin\u00eb dhe barazin\u00eb si vlera themelore. Nisma ka zyrat e veta n\u00eb Beograd, Prishtin\u00eb, Podgoric\u00eb, Zagreb dhe Sarajev\u00eb.<\/p>\n","protected":false},"excerpt":{"rendered":"Nisma e t\u00eb Rinjve p\u00ebr t\u00eb Drejtat e Njeriut (n\u00eb vazhdim Nisma) \u00ebsht\u00eb rrjet rajonal i organizatave joqeveritare me programe n\u00eb territoret e Serbis\u00eb, Kosov\u00ebs, Kroacis\u00eb, Malit t\u00eb Zi dhe Bosnje dhe Hercegovin\u00ebs. Nisma \u00ebsht\u00eb themeluar nga njer\u00ebz t\u00eb rinj t\u00eb k\u00ebtyre shteteve me q\u00ebllim t\u00eb ngritjes s\u00eb pjes\u00ebmarrjes s\u00eb t\u00eb rinjve n\u00eb demokratizimin e&#8230; <a class=\"view-article\" href=\"https:\/\/yihr.rs\/sq\/stafi\/\">View Article<\/a>","protected":false},"author":2,"featured_media":0,"parent":0,"menu_order":5,"comment_status":"open","ping_status":"closed","template":"","meta":{"ngg_post_thumbnail":0},"acf":[],"yoast_head":"<!-- This site is optimized with the Yoast SEO plugin v20.7 - https:\/\/yoast.com\/wordpress\/plugins\/seo\/ -->\n<title>Nisma - YIHR.rs<\/title>\n<meta name=\"robots\" content=\"index, follow, max-snippet:-1, max-image-preview:large, max-video-preview:-1\" \/>\n<link rel=\"canonical\" href=\"https:\/\/yihr.rs\/sq\/stafi\/\" \/>\n<meta property=\"og:locale\" content=\"sq_AL\" \/>\n<meta property=\"og:type\" content=\"article\" \/>\n<meta property=\"og:title\" content=\"Nisma - YIHR.rs\" \/>\n<meta property=\"og:description\" content=\"Nisma e t\u00eb Rinjve p\u00ebr t\u00eb Drejtat e Njeriut (n\u00eb vazhdim Nisma) \u00ebsht\u00eb rrjet rajonal i organizatave joqeveritare me programe n\u00eb territoret e Serbis\u00eb, Kosov\u00ebs, Kroacis\u00eb, Malit t\u00eb Zi dhe Bosnje dhe Hercegovin\u00ebs. Nisma \u00ebsht\u00eb themeluar nga njer\u00ebz t\u00eb rinj t\u00eb k\u00ebtyre shteteve me q\u00ebllim t\u00eb ngritjes s\u00eb pjes\u00ebmarrjes s\u00eb t\u00eb rinjve n\u00eb demokratizimin e... View Article\" \/>\n<meta property=\"og:url\" content=\"https:\/\/yihr.rs\/sq\/stafi\/\" \/>\n<meta property=\"og:site_name\" content=\"YIHR.rs\" \/>\n<meta property=\"article:modified_time\" content=\"2018-04-18T15:31:40+00:00\" \/>\n<meta name=\"twitter:card\" content=\"summary_large_image\" \/>\n<meta name=\"twitter:label1\" content=\"Est. reading time\" \/>\n\t<meta name=\"twitter:data1\" content=\"1 minute\" \/>\n<script type=\"application\/ld+json\" class=\"yoast-schema-graph\">{\"@context\":\"https:\/\/schema.org\",\"@graph\":[{\"@type\":\"WebPage\",\"@id\":\"https:\/\/yihr.rs\/sq\/stafi\/\",\"url\":\"https:\/\/yihr.rs\/sq\/stafi\/\",\"name\":\"Nisma - YIHR.rs\",\"isPartOf\":{\"@id\":\"https:\/\/yihr.rs\/bhs\/#website\"},\"datePublished\":\"2014-08-31T23:37:23+00:00\",\"dateModified\":\"2018-04-18T15:31:40+00:00\",\"breadcrumb\":{\"@id\":\"https:\/\/yihr.rs\/sq\/stafi\/#breadcrumb\"},\"inLanguage\":\"sq-AL\",\"potentialAction\":[{\"@type\":\"ReadAction\",\"target\":[\"https:\/\/yihr.rs\/sq\/stafi\/\"]}]},{\"@type\":\"BreadcrumbList\",\"@id\":\"https:\/\/yihr.rs\/sq\/stafi\/#breadcrumb\",\"itemListElement\":[{\"@type\":\"ListItem\",\"position\":1,\"name\":\"Home\",\"item\":\"https:\/\/yihr.rs\/sq\/\"},{\"@type\":\"ListItem\",\"position\":2,\"name\":\"Nisma\"}]},{\"@type\":\"WebSite\",\"@id\":\"https:\/\/yihr.rs\/bhs\/#website\",\"url\":\"https:\/\/yihr.rs\/bhs\/\",\"name\":\"YIHR.rs\",\"description\":\"\",\"publisher\":{\"@id\":\"https:\/\/yihr.rs\/bhs\/#organization\"},\"potentialAction\":[{\"@type\":\"SearchAction\",\"target\":{\"@type\":\"EntryPoint\",\"urlTemplate\":\"https:\/\/yihr.rs\/bhs\/?s={search_term_string}\"},\"query-input\":\"required name=search_term_string\"}],\"inLanguage\":\"sq-AL\"},{\"@type\":\"Organization\",\"@id\":\"https:\/\/yihr.rs\/bhs\/#organization\",\"name\":\"Inicijativa mladih za ljudska prava\",\"url\":\"https:\/\/yihr.rs\/bhs\/\",\"logo\":{\"@type\":\"ImageObject\",\"inLanguage\":\"sq-AL\",\"@id\":\"https:\/\/yihr.rs\/bhs\/#\/schema\/logo\/image\/\",\"url\":\"https:\/\/yihr.rs\/wp-content\/uploads\/2019\/04\/yihr-logo.png\",\"contentUrl\":\"https:\/\/yihr.rs\/wp-content\/uploads\/2019\/04\/yihr-logo.png\",\"width\":157,\"height\":54,\"caption\":\"Inicijativa mladih za ljudska prava\"},\"image\":{\"@id\":\"https:\/\/yihr.rs\/bhs\/#\/schema\/logo\/image\/\"}}]}<\/script>\n<!-- \/ Yoast SEO plugin. -->","yoast_head_json":{"title":"Nisma - YIHR.rs","robots":{"index":"index","follow":"follow","max-snippet":"max-snippet:-1","max-image-preview":"max-image-preview:large","max-video-preview":"max-video-preview:-1"},"canonical":"https:\/\/yihr.rs\/sq\/stafi\/","og_locale":"sq_AL","og_type":"article","og_title":"Nisma - YIHR.rs","og_description":"Nisma e t\u00eb Rinjve p\u00ebr t\u00eb Drejtat e Njeriut (n\u00eb vazhdim Nisma) \u00ebsht\u00eb rrjet rajonal i organizatave joqeveritare me programe n\u00eb territoret e Serbis\u00eb, Kosov\u00ebs, Kroacis\u00eb, Malit t\u00eb Zi dhe Bosnje dhe Hercegovin\u00ebs. Nisma \u00ebsht\u00eb themeluar nga njer\u00ebz t\u00eb rinj t\u00eb k\u00ebtyre shteteve me q\u00ebllim t\u00eb ngritjes s\u00eb pjes\u00ebmarrjes s\u00eb t\u00eb rinjve n\u00eb demokratizimin e... View Article","og_url":"https:\/\/yihr.rs\/sq\/stafi\/","og_site_name":"YIHR.rs","article_modified_time":"2018-04-18T15:31:40+00:00","twitter_card":"summary_large_image","twitter_misc":{"Est. reading time":"1 minute"},"schema":{"@context":"https:\/\/schema.org","@graph":[{"@type":"WebPage","@id":"https:\/\/yihr.rs\/sq\/stafi\/","url":"https:\/\/yihr.rs\/sq\/stafi\/","name":"Nisma - YIHR.rs","isPartOf":{"@id":"https:\/\/yihr.rs\/bhs\/#website"},"datePublished":"2014-08-31T23:37:23+00:00","dateModified":"2018-04-18T15:31:40+00:00","breadcrumb":{"@id":"https:\/\/yihr.rs\/sq\/stafi\/#breadcrumb"},"inLanguage":"sq-AL","potentialAction":[{"@type":"ReadAction","target":["https:\/\/yihr.rs\/sq\/stafi\/"]}]},{"@type":"BreadcrumbList","@id":"https:\/\/yihr.rs\/sq\/stafi\/#breadcrumb","itemListElement":[{"@type":"ListItem","position":1,"name":"Home","item":"https:\/\/yihr.rs\/sq\/"},{"@type":"ListItem","position":2,"name":"Nisma"}]},{"@type":"WebSite","@id":"https:\/\/yihr.rs\/bhs\/#website","url":"https:\/\/yihr.rs\/bhs\/","name":"YIHR.rs","description":"","publisher":{"@id":"https:\/\/yihr.rs\/bhs\/#organization"},"potentialAction":[{"@type":"SearchAction","target":{"@type":"EntryPoint","urlTemplate":"https:\/\/yihr.rs\/bhs\/?s={search_term_string}"},"query-input":"required name=search_term_string"}],"inLanguage":"sq-AL"},{"@type":"Organization","@id":"https:\/\/yihr.rs\/bhs\/#organization","name":"Inicijativa mladih za ljudska prava","url":"https:\/\/yihr.rs\/bhs\/","logo":{"@type":"ImageObject","inLanguage":"sq-AL","@id":"https:\/\/yihr.rs\/bhs\/#\/schema\/logo\/image\/","url":"https:\/\/yihr.rs\/wp-content\/uploads\/2019\/04\/yihr-logo.png","contentUrl":"https:\/\/yihr.rs\/wp-content\/uploads\/2019\/04\/yihr-logo.png","width":157,"height":54,"caption":"Inicijativa mladih za ljudska prava"},"image":{"@id":"https:\/\/yihr.rs\/bhs\/#\/schema\/logo\/image\/"}}]}},"_links":{"self":[{"href":"https:\/\/yihr.rs\/sq\/wp-json\/wp\/v2\/pages\/864"}],"collection":[{"href":"https:\/\/yihr.rs\/sq\/wp-json\/wp\/v2\/pages"}],"about":[{"href":"https:\/\/yihr.rs\/sq\/wp-json\/wp\/v2\/types\/page"}],"author":[{"embeddable":true,"href":"https:\/\/yihr.rs\/sq\/wp-json\/wp\/v2\/users\/2"}],"replies":[{"embeddable":true,"href":"https:\/\/yihr.rs\/sq\/wp-json\/wp\/v2\/comments?post=864"}],"version-history":[{"count":3,"href":"https:\/\/yihr.rs\/sq\/wp-json\/wp\/v2\/pages\/864\/revisions"}],"predecessor-version":[{"id":4643,"href":"https:\/\/yihr.rs\/sq\/wp-json\/wp\/v2\/pages\/864\/revisions\/4643"}],"wp:attachment":[{"href":"https:\/\/yihr.rs\/sq\/wp-json\/wp\/v2\/media?parent=864"}],"curies":[{"name":"wp","href":"https:\/\/api.w.org\/{rel}","templated":true}]}}