{"id":6647,"date":"2019-03-11T10:12:54","date_gmt":"2019-03-11T09:12:54","guid":{"rendered":"https:\/\/yihr.rs\/o-nama\/"},"modified":"2020-04-14T22:27:23","modified_gmt":"2020-04-14T21:27:23","slug":"rreth-nismes","status":"publish","type":"page","link":"https:\/\/yihr.rs\/sq\/rreth-nismes\/","title":{"rendered":"Rreth Nism\u00ebs"},"content":{"rendered":"<div class='content-column one_half'><p>Nisma e t\u00eb Rinjve p\u00ebr t\u00eb Drejtat e Njeriut (YIHR) \u00ebsht\u00eb nj\u00eb rrjet rajonal i organizatave joqeveritare i cili ka programe n\u00eb Serbi, Kroaci, Mal t\u00eb Zi, Bosnja Hercegovin\u00eb dhe Kosov\u00eb.<\/p>\n<p><strong>Q\u00eb nga themelimi i saj n\u00eb vitin 2003, Nisma e t\u00eb Rinjve p\u00ebr t\u00eb Drejtat e Njeriut lufton p\u00ebr vlerat e nj\u00ebjta.<\/strong><\/p>\n<p>Vlerat themelore t\u00eb Nism\u00ebs jan\u00eb e v\u00ebrteta, drejt\u00ebsia, p\u00ebrgjegj\u00ebsia, barazia, liria, demokracia dhe paqja. Luftojm\u00eb p\u00ebr paqe n\u00eb rajon, jo vet\u00ebm p\u00ebr munges\u00eb lufte, por p\u00ebr nj\u00eb paqe si proces i p\u00ebrhersh\u00ebm i cili n\u00ebnkupton ballafaqimin me t\u00eb kaluar\u00ebn, si dhe rezulton me nj\u00eb bashk\u00ebpunim t\u00eb vazhduesh\u00ebm t\u00eb vendeve dhe njer\u00ebzve t\u00eb rajonit.<\/p><\/div>\n<div class='content-column one_half'><p>Ne nuk i pranojm\u00eb politikat luft\u00ebnxit\u00ebse dhe kriminel\u00ebt e luft\u00ebs n\u00eb hap\u00ebsir\u00ebn publike &#8211; insistojm\u00eb n\u00eb respektimin e fakteve t\u00eb konstatuara, si dhe n\u00eb d\u00ebnimin ligjior dhe moral t\u00eb autor\u00ebve t\u00eb krimeve t\u00eb kryera gjat\u00eb luftrave n\u00eb ish-Jugosllavi. Edukojm\u00eb njer\u00ebz t\u00eb rinj nga rajoni n\u00eb lidhje me trash\u00ebgimin\u00eb e luft\u00ebs, duke b\u00ebr\u00eb dialog n\u00eb lidhje me perspektivat e zhvillimit demokratik t\u00eb shoq\u00ebrive tona.<\/p>\n<p>Aktivist\u00ebt dhe aktivistet e Nism\u00ebs, t\u00eb vet\u00ebdijsh\u00ebm se pa aktiviz\u00ebm civil nuk ka demokraci, mbrojn\u00eb t\u00eb drejtat e njeriut dhe nuk falin lirit\u00eb e fituara.<\/p>\n<p><strong>Selit\u00eb e Nism\u00ebs s\u00eb t\u00eb Rinjve p\u00ebr t\u00eb Drejtat e Njeriut gjenden n\u00eb Beograd, Zagreb, Sarajev\u00eb dhe Prishtin\u00eb.<\/strong><\/p><\/div>\n","protected":false},"excerpt":{"rendered":"","protected":false},"author":2,"featured_media":0,"parent":0,"menu_order":0,"comment_status":"closed","ping_status":"closed","template":"page-about-us.php","meta":{"ngg_post_thumbnail":0},"acf":[],"yoast_head":"<!-- This site is optimized with the Yoast SEO plugin v20.7 - https:\/\/yoast.com\/wordpress\/plugins\/seo\/ -->\n<title>Inicijativa mladih za ljudska prava - O nama<\/title>\n<meta name=\"description\" content=\"Upoznajte Inicijativu mladih za ljudska prava. Mi smo organizacija osnovana 2003. godine koja se bavi ljudskim pravima, povezivanjem mladih u regionu i edukacijom o doga\u0111ajima iz pro\u0161losti.\" \/>\n<meta name=\"robots\" content=\"index, follow, max-snippet:-1, max-image-preview:large, max-video-preview:-1\" \/>\n<link rel=\"canonical\" href=\"https:\/\/yihr.rs\/sq\/rreth-nismes\/\" \/>\n<meta property=\"og:locale\" content=\"sq_AL\" \/>\n<meta property=\"og:type\" content=\"article\" \/>\n<meta property=\"og:title\" content=\"Inicijativa mladih za ljudska prava - O nama\" \/>\n<meta property=\"og:description\" content=\"Upoznajte Inicijativu mladih za ljudska prava. Mi smo organizacija osnovana 2003. godine koja se bavi ljudskim pravima, povezivanjem mladih u regionu i edukacijom o doga\u0111ajima iz pro\u0161losti.\" \/>\n<meta property=\"og:url\" content=\"https:\/\/yihr.rs\/sq\/rreth-nismes\/\" \/>\n<meta property=\"og:site_name\" content=\"YIHR.rs\" \/>\n<meta property=\"article:modified_time\" content=\"2020-04-14T21:27:23+00:00\" \/>\n<meta name=\"twitter:card\" content=\"summary_large_image\" \/>\n<meta name=\"twitter:label1\" content=\"Est. reading time\" \/>\n\t<meta name=\"twitter:data1\" content=\"1 minute\" \/>\n<script type=\"application\/ld+json\" class=\"yoast-schema-graph\">{\"@context\":\"https:\/\/schema.org\",\"@graph\":[{\"@type\":\"WebPage\",\"@id\":\"https:\/\/yihr.rs\/sq\/rreth-nismes\/\",\"url\":\"https:\/\/yihr.rs\/sq\/rreth-nismes\/\",\"name\":\"Inicijativa mladih za ljudska prava - O nama\",\"isPartOf\":{\"@id\":\"https:\/\/yihr.rs\/bhs\/#website\"},\"datePublished\":\"2019-03-11T09:12:54+00:00\",\"dateModified\":\"2020-04-14T21:27:23+00:00\",\"description\":\"Upoznajte Inicijativu mladih za ljudska prava. Mi smo organizacija osnovana 2003. godine koja se bavi ljudskim pravima, povezivanjem mladih u regionu i edukacijom o doga\u0111ajima iz pro\u0161losti.\",\"breadcrumb\":{\"@id\":\"https:\/\/yihr.rs\/sq\/rreth-nismes\/#breadcrumb\"},\"inLanguage\":\"sq-AL\",\"potentialAction\":[{\"@type\":\"ReadAction\",\"target\":[\"https:\/\/yihr.rs\/sq\/rreth-nismes\/\"]}]},{\"@type\":\"BreadcrumbList\",\"@id\":\"https:\/\/yihr.rs\/sq\/rreth-nismes\/#breadcrumb\",\"itemListElement\":[{\"@type\":\"ListItem\",\"position\":1,\"name\":\"Home\",\"item\":\"https:\/\/yihr.rs\/sq\/\"},{\"@type\":\"ListItem\",\"position\":2,\"name\":\"Rreth Nism\u00ebs\"}]},{\"@type\":\"WebSite\",\"@id\":\"https:\/\/yihr.rs\/bhs\/#website\",\"url\":\"https:\/\/yihr.rs\/bhs\/\",\"name\":\"YIHR.rs\",\"description\":\"\",\"publisher\":{\"@id\":\"https:\/\/yihr.rs\/bhs\/#organization\"},\"potentialAction\":[{\"@type\":\"SearchAction\",\"target\":{\"@type\":\"EntryPoint\",\"urlTemplate\":\"https:\/\/yihr.rs\/bhs\/?s={search_term_string}\"},\"query-input\":\"required name=search_term_string\"}],\"inLanguage\":\"sq-AL\"},{\"@type\":\"Organization\",\"@id\":\"https:\/\/yihr.rs\/bhs\/#organization\",\"name\":\"Inicijativa mladih za ljudska prava\",\"url\":\"https:\/\/yihr.rs\/bhs\/\",\"logo\":{\"@type\":\"ImageObject\",\"inLanguage\":\"sq-AL\",\"@id\":\"https:\/\/yihr.rs\/bhs\/#\/schema\/logo\/image\/\",\"url\":\"https:\/\/yihr.rs\/wp-content\/uploads\/2019\/04\/yihr-logo.png\",\"contentUrl\":\"https:\/\/yihr.rs\/wp-content\/uploads\/2019\/04\/yihr-logo.png\",\"width\":157,\"height\":54,\"caption\":\"Inicijativa mladih za ljudska prava\"},\"image\":{\"@id\":\"https:\/\/yihr.rs\/bhs\/#\/schema\/logo\/image\/\"}}]}<\/script>\n<!-- \/ Yoast SEO plugin. -->","yoast_head_json":{"title":"Inicijativa mladih za ljudska prava - O nama","description":"Upoznajte Inicijativu mladih za ljudska prava. Mi smo organizacija osnovana 2003. godine koja se bavi ljudskim pravima, povezivanjem mladih u regionu i edukacijom o doga\u0111ajima iz pro\u0161losti.","robots":{"index":"index","follow":"follow","max-snippet":"max-snippet:-1","max-image-preview":"max-image-preview:large","max-video-preview":"max-video-preview:-1"},"canonical":"https:\/\/yihr.rs\/sq\/rreth-nismes\/","og_locale":"sq_AL","og_type":"article","og_title":"Inicijativa mladih za ljudska prava - O nama","og_description":"Upoznajte Inicijativu mladih za ljudska prava. Mi smo organizacija osnovana 2003. godine koja se bavi ljudskim pravima, povezivanjem mladih u regionu i edukacijom o doga\u0111ajima iz pro\u0161losti.","og_url":"https:\/\/yihr.rs\/sq\/rreth-nismes\/","og_site_name":"YIHR.rs","article_modified_time":"2020-04-14T21:27:23+00:00","twitter_card":"summary_large_image","twitter_misc":{"Est. reading time":"1 minute"},"schema":{"@context":"https:\/\/schema.org","@graph":[{"@type":"WebPage","@id":"https:\/\/yihr.rs\/sq\/rreth-nismes\/","url":"https:\/\/yihr.rs\/sq\/rreth-nismes\/","name":"Inicijativa mladih za ljudska prava - O nama","isPartOf":{"@id":"https:\/\/yihr.rs\/bhs\/#website"},"datePublished":"2019-03-11T09:12:54+00:00","dateModified":"2020-04-14T21:27:23+00:00","description":"Upoznajte Inicijativu mladih za ljudska prava. Mi smo organizacija osnovana 2003. godine koja se bavi ljudskim pravima, povezivanjem mladih u regionu i edukacijom o doga\u0111ajima iz pro\u0161losti.","breadcrumb":{"@id":"https:\/\/yihr.rs\/sq\/rreth-nismes\/#breadcrumb"},"inLanguage":"sq-AL","potentialAction":[{"@type":"ReadAction","target":["https:\/\/yihr.rs\/sq\/rreth-nismes\/"]}]},{"@type":"BreadcrumbList","@id":"https:\/\/yihr.rs\/sq\/rreth-nismes\/#breadcrumb","itemListElement":[{"@type":"ListItem","position":1,"name":"Home","item":"https:\/\/yihr.rs\/sq\/"},{"@type":"ListItem","position":2,"name":"Rreth Nism\u00ebs"}]},{"@type":"WebSite","@id":"https:\/\/yihr.rs\/bhs\/#website","url":"https:\/\/yihr.rs\/bhs\/","name":"YIHR.rs","description":"","publisher":{"@id":"https:\/\/yihr.rs\/bhs\/#organization"},"potentialAction":[{"@type":"SearchAction","target":{"@type":"EntryPoint","urlTemplate":"https:\/\/yihr.rs\/bhs\/?s={search_term_string}"},"query-input":"required name=search_term_string"}],"inLanguage":"sq-AL"},{"@type":"Organization","@id":"https:\/\/yihr.rs\/bhs\/#organization","name":"Inicijativa mladih za ljudska prava","url":"https:\/\/yihr.rs\/bhs\/","logo":{"@type":"ImageObject","inLanguage":"sq-AL","@id":"https:\/\/yihr.rs\/bhs\/#\/schema\/logo\/image\/","url":"https:\/\/yihr.rs\/wp-content\/uploads\/2019\/04\/yihr-logo.png","contentUrl":"https:\/\/yihr.rs\/wp-content\/uploads\/2019\/04\/yihr-logo.png","width":157,"height":54,"caption":"Inicijativa mladih za ljudska prava"},"image":{"@id":"https:\/\/yihr.rs\/bhs\/#\/schema\/logo\/image\/"}}]}},"_links":{"self":[{"href":"https:\/\/yihr.rs\/sq\/wp-json\/wp\/v2\/pages\/6647"}],"collection":[{"href":"https:\/\/yihr.rs\/sq\/wp-json\/wp\/v2\/pages"}],"about":[{"href":"https:\/\/yihr.rs\/sq\/wp-json\/wp\/v2\/types\/page"}],"author":[{"embeddable":true,"href":"https:\/\/yihr.rs\/sq\/wp-json\/wp\/v2\/users\/2"}],"replies":[{"embeddable":true,"href":"https:\/\/yihr.rs\/sq\/wp-json\/wp\/v2\/comments?post=6647"}],"version-history":[{"count":7,"href":"https:\/\/yihr.rs\/sq\/wp-json\/wp\/v2\/pages\/6647\/revisions"}],"predecessor-version":[{"id":8985,"href":"https:\/\/yihr.rs\/sq\/wp-json\/wp\/v2\/pages\/6647\/revisions\/8985"}],"wp:attachment":[{"href":"https:\/\/yihr.rs\/sq\/wp-json\/wp\/v2\/media?parent=6647"}],"curies":[{"name":"wp","href":"https:\/\/api.w.org\/{rel}","templated":true}]}}