{"id":8328,"date":"2020-01-30T20:06:46","date_gmt":"2020-01-30T19:06:46","guid":{"rendered":"https:\/\/yihr.rs\/?page_id=8328"},"modified":"2020-01-30T20:06:46","modified_gmt":"2020-01-30T19:06:46","slug":"yihr-newsletter","status":"publish","type":"page","link":"https:\/\/yihr.rs\/bhs\/yihr-newsletter\/","title":{"rendered":"YIHR newsletter"},"content":{"rendered":"<p>Prijavite se na na\u0161 newsletter, a mi \u0107emo Vam periodi\u010dno na email slati novosti i preporuke Inicijative mladih za ljudska prava.<\/p>\n<p><!-- Begin Mailchimp Signup Form -->\n<link href=\"\/\/cdn-images.mailchimp.com\/embedcode\/classic-10_7.css\" rel=\"stylesheet\" type=\"text\/css\">\n<style type=\"text\/css\">\n\t#mc_embed_signup{background:#fff; clear:left; font:14px Helvetica,Arial,sans-serif; }\n\t\/* Add your own Mailchimp form style overrides in your site stylesheet or in this style block.\n\t   We recommend moving this block and the preceding CSS link to the HEAD of your HTML file. *\/\n<\/style>\n<div id=\"mc_embed_signup\">\n<form action=\"https:\/\/yihr.us7.list-manage.com\/subscribe\/post?u=610d029f5deb9928608f5ffbd&amp;id=21279833f1\" method=\"post\" id=\"mc-embedded-subscribe-form\" name=\"mc-embedded-subscribe-form\" class=\"validate\" target=\"_blank\" novalidate>\n<div id=\"mc_embed_signup_scroll\">\n<h2>Subscribe<\/h2>\n<div class=\"indicates-required\"><span class=\"asterisk\">*<\/span> indicates required<\/div>\n<div class=\"mc-field-group\">\n\t<label for=\"mce-EMAIL\">Email adresa  <span class=\"asterisk\">*<\/span><br \/>\n<\/label><br \/>\n\t<input type=\"email\" value=\"\" name=\"EMAIL\" class=\"required email\" id=\"mce-EMAIL\">\n<\/div>\n<div class=\"mc-field-group\">\n\t<label for=\"mce-NAME\">Ime i prezime  <span class=\"asterisk\">*<\/span><br \/>\n<\/label><br \/>\n\t<input type=\"text\" value=\"\" name=\"NAME\" class=\"required\" id=\"mce-NAME\">\n<\/div>\n<div class=\"mc-field-group\">\n\t<label for=\"mce-COUNTRY\">Dr\u017eava  <span class=\"asterisk\">*<\/span><br \/>\n<\/label><br \/>\n\t<select name=\"COUNTRY\" class=\"required\" id=\"mce-COUNTRY\"><option value=\"\"><\/option><option value=\"Hrvatska\">Hrvatska<\/option><option value=\"Bosna i Hercegovina\">Bosna i Hercegovina<\/option><option value=\"Crna Gora\">Crna Gora<\/option><option value=\"Srbija\">Srbija<\/option><option value=\"Kosovo\">Kosovo<\/option><option value=\"Ostalo\">Ostalo<\/option><\/select>\n<\/div>\n<div id=\"mce-responses\" class=\"clear\">\n<div class=\"response\" id=\"mce-error-response\" style=\"display:none\"><\/div>\n<div class=\"response\" id=\"mce-success-response\" style=\"display:none\"><\/div>\n<\/p><\/div>\n<p>    <!-- real people should not fill this in and expect good things - do not remove this or risk form bot signups--><\/p>\n<div style=\"position: absolute; left: -5000px;\" aria-hidden=\"true\"><input type=\"text\" name=\"b_610d029f5deb9928608f5ffbd_21279833f1\" tabindex=\"-1\" value=\"\"><\/div>\n<div class=\"clear\"><input type=\"submit\" value=\"Subscribe\" name=\"subscribe\" id=\"mc-embedded-subscribe\" class=\"button\"><\/div>\n<\/p><\/div>\n<\/form>\n<\/div>\n<p><script type='text\/javascript' src='\/\/s3.amazonaws.com\/downloads.mailchimp.com\/js\/mc-validate.js'><\/script><script type='text\/javascript'>(function($) {window.fnames = new Array(); window.ftypes = new Array();fnames[0]='EMAIL';ftypes[0]='email';fnames[1]='NAME';ftypes[1]='text';fnames[2]='POZDRAV';ftypes[2]='text';fnames[4]='COUNTRY';ftypes[4]='dropdown';}(jQuery));var $mcj = jQuery.noConflict(true);<\/script><br \/>\n<!--End mc_embed_signup--><\/p>\n","protected":false},"excerpt":{"rendered":"Prijavite se na na\u0161 newsletter, a mi \u0107emo Vam periodi\u010dno na email slati novosti i preporuke Inicijative mladih za ljudska prava. Subscribe * indicates required Email adresa * Ime i prezime * Dr\u017eava * HrvatskaBosna i HercegovinaCrna GoraSrbijaKosovoOstalo","protected":false},"author":2,"featured_media":0,"parent":0,"menu_order":0,"comment_status":"closed","ping_status":"closed","template":"","meta":{"ngg_post_thumbnail":0},"acf":[],"yoast_head":"<!-- This site is optimized with the Yoast SEO plugin v20.7 - https:\/\/yoast.com\/wordpress\/plugins\/seo\/ -->\n<title>YIHR newsletter - YIHR.rs<\/title>\n<meta name=\"robots\" content=\"index, follow, max-snippet:-1, max-image-preview:large, max-video-preview:-1\" \/>\n<link rel=\"canonical\" href=\"https:\/\/yihr.rs\/bhs\/yihr-newsletter\/\" \/>\n<meta property=\"og:locale\" content=\"en_US\" \/>\n<meta property=\"og:type\" content=\"article\" \/>\n<meta property=\"og:title\" content=\"YIHR newsletter - YIHR.rs\" \/>\n<meta property=\"og:description\" content=\"Prijavite se na na\u0161 newsletter, a mi \u0107emo Vam periodi\u010dno na email slati novosti i preporuke Inicijative mladih za ljudska prava. Subscribe * indicates required Email adresa * Ime i prezime * Dr\u017eava * HrvatskaBosna i HercegovinaCrna GoraSrbijaKosovoOstalo\" \/>\n<meta property=\"og:url\" content=\"https:\/\/yihr.rs\/bhs\/yihr-newsletter\/\" \/>\n<meta property=\"og:site_name\" content=\"YIHR.rs\" \/>\n<meta name=\"twitter:card\" content=\"summary_large_image\" \/>\n<script type=\"application\/ld+json\" class=\"yoast-schema-graph\">{\"@context\":\"https:\/\/schema.org\",\"@graph\":[{\"@type\":\"WebPage\",\"@id\":\"https:\/\/yihr.rs\/bhs\/yihr-newsletter\/\",\"url\":\"https:\/\/yihr.rs\/bhs\/yihr-newsletter\/\",\"name\":\"YIHR newsletter - YIHR.rs\",\"isPartOf\":{\"@id\":\"https:\/\/yihr.rs\/bhs\/#website\"},\"datePublished\":\"2020-01-30T19:06:46+00:00\",\"dateModified\":\"2020-01-30T19:06:46+00:00\",\"breadcrumb\":{\"@id\":\"https:\/\/yihr.rs\/bhs\/yihr-newsletter\/#breadcrumb\"},\"inLanguage\":\"bhs-BHS\",\"potentialAction\":[{\"@type\":\"ReadAction\",\"target\":[\"https:\/\/yihr.rs\/bhs\/yihr-newsletter\/\"]}]},{\"@type\":\"BreadcrumbList\",\"@id\":\"https:\/\/yihr.rs\/bhs\/yihr-newsletter\/#breadcrumb\",\"itemListElement\":[{\"@type\":\"ListItem\",\"position\":1,\"name\":\"Home\",\"item\":\"https:\/\/yihr.rs\/bhs\/\"},{\"@type\":\"ListItem\",\"position\":2,\"name\":\"YIHR newsletter\"}]},{\"@type\":\"WebSite\",\"@id\":\"https:\/\/yihr.rs\/bhs\/#website\",\"url\":\"https:\/\/yihr.rs\/bhs\/\",\"name\":\"YIHR.rs\",\"description\":\"\",\"publisher\":{\"@id\":\"https:\/\/yihr.rs\/bhs\/#organization\"},\"potentialAction\":[{\"@type\":\"SearchAction\",\"target\":{\"@type\":\"EntryPoint\",\"urlTemplate\":\"https:\/\/yihr.rs\/bhs\/?s={search_term_string}\"},\"query-input\":\"required name=search_term_string\"}],\"inLanguage\":\"bhs-BHS\"},{\"@type\":\"Organization\",\"@id\":\"https:\/\/yihr.rs\/bhs\/#organization\",\"name\":\"Inicijativa mladih za ljudska prava\",\"url\":\"https:\/\/yihr.rs\/bhs\/\",\"logo\":{\"@type\":\"ImageObject\",\"inLanguage\":\"bhs-BHS\",\"@id\":\"https:\/\/yihr.rs\/bhs\/#\/schema\/logo\/image\/\",\"url\":\"https:\/\/yihr.rs\/wp-content\/uploads\/2019\/04\/yihr-logo.png\",\"contentUrl\":\"https:\/\/yihr.rs\/wp-content\/uploads\/2019\/04\/yihr-logo.png\",\"width\":157,\"height\":54,\"caption\":\"Inicijativa mladih za ljudska prava\"},\"image\":{\"@id\":\"https:\/\/yihr.rs\/bhs\/#\/schema\/logo\/image\/\"}}]}<\/script>\n<!-- \/ Yoast SEO plugin. -->","yoast_head_json":{"title":"YIHR newsletter - YIHR.rs","robots":{"index":"index","follow":"follow","max-snippet":"max-snippet:-1","max-image-preview":"max-image-preview:large","max-video-preview":"max-video-preview:-1"},"canonical":"https:\/\/yihr.rs\/bhs\/yihr-newsletter\/","og_locale":"en_US","og_type":"article","og_title":"YIHR newsletter - YIHR.rs","og_description":"Prijavite se na na\u0161 newsletter, a mi \u0107emo Vam periodi\u010dno na email slati novosti i preporuke Inicijative mladih za ljudska prava. Subscribe * indicates required Email adresa * Ime i prezime * Dr\u017eava * HrvatskaBosna i HercegovinaCrna GoraSrbijaKosovoOstalo","og_url":"https:\/\/yihr.rs\/bhs\/yihr-newsletter\/","og_site_name":"YIHR.rs","twitter_card":"summary_large_image","schema":{"@context":"https:\/\/schema.org","@graph":[{"@type":"WebPage","@id":"https:\/\/yihr.rs\/bhs\/yihr-newsletter\/","url":"https:\/\/yihr.rs\/bhs\/yihr-newsletter\/","name":"YIHR newsletter - YIHR.rs","isPartOf":{"@id":"https:\/\/yihr.rs\/bhs\/#website"},"datePublished":"2020-01-30T19:06:46+00:00","dateModified":"2020-01-30T19:06:46+00:00","breadcrumb":{"@id":"https:\/\/yihr.rs\/bhs\/yihr-newsletter\/#breadcrumb"},"inLanguage":"bhs-BHS","potentialAction":[{"@type":"ReadAction","target":["https:\/\/yihr.rs\/bhs\/yihr-newsletter\/"]}]},{"@type":"BreadcrumbList","@id":"https:\/\/yihr.rs\/bhs\/yihr-newsletter\/#breadcrumb","itemListElement":[{"@type":"ListItem","position":1,"name":"Home","item":"https:\/\/yihr.rs\/bhs\/"},{"@type":"ListItem","position":2,"name":"YIHR newsletter"}]},{"@type":"WebSite","@id":"https:\/\/yihr.rs\/bhs\/#website","url":"https:\/\/yihr.rs\/bhs\/","name":"YIHR.rs","description":"","publisher":{"@id":"https:\/\/yihr.rs\/bhs\/#organization"},"potentialAction":[{"@type":"SearchAction","target":{"@type":"EntryPoint","urlTemplate":"https:\/\/yihr.rs\/bhs\/?s={search_term_string}"},"query-input":"required name=search_term_string"}],"inLanguage":"bhs-BHS"},{"@type":"Organization","@id":"https:\/\/yihr.rs\/bhs\/#organization","name":"Inicijativa mladih za ljudska prava","url":"https:\/\/yihr.rs\/bhs\/","logo":{"@type":"ImageObject","inLanguage":"bhs-BHS","@id":"https:\/\/yihr.rs\/bhs\/#\/schema\/logo\/image\/","url":"https:\/\/yihr.rs\/wp-content\/uploads\/2019\/04\/yihr-logo.png","contentUrl":"https:\/\/yihr.rs\/wp-content\/uploads\/2019\/04\/yihr-logo.png","width":157,"height":54,"caption":"Inicijativa mladih za ljudska prava"},"image":{"@id":"https:\/\/yihr.rs\/bhs\/#\/schema\/logo\/image\/"}}]}},"_links":{"self":[{"href":"https:\/\/yihr.rs\/bhs\/wp-json\/wp\/v2\/pages\/8328"}],"collection":[{"href":"https:\/\/yihr.rs\/bhs\/wp-json\/wp\/v2\/pages"}],"about":[{"href":"https:\/\/yihr.rs\/bhs\/wp-json\/wp\/v2\/types\/page"}],"author":[{"embeddable":true,"href":"https:\/\/yihr.rs\/bhs\/wp-json\/wp\/v2\/users\/2"}],"replies":[{"embeddable":true,"href":"https:\/\/yihr.rs\/bhs\/wp-json\/wp\/v2\/comments?post=8328"}],"version-history":[{"count":2,"href":"https:\/\/yihr.rs\/bhs\/wp-json\/wp\/v2\/pages\/8328\/revisions"}],"predecessor-version":[{"id":8330,"href":"https:\/\/yihr.rs\/bhs\/wp-json\/wp\/v2\/pages\/8328\/revisions\/8330"}],"wp:attachment":[{"href":"https:\/\/yihr.rs\/bhs\/wp-json\/wp\/v2\/media?parent=8328"}],"curies":[{"name":"wp","href":"https:\/\/api.w.org\/{rel}","templated":true}]}}