{"id":8326,"date":"2020-01-30T20:05:39","date_gmt":"2020-01-30T19:05:39","guid":{"rendered":"https:\/\/yihr.rs\/?page_id=8326"},"modified":"2020-05-04T14:36:49","modified_gmt":"2020-05-04T13:36:49","slug":"newsletter","status":"publish","type":"page","link":"https:\/\/yihr.rs\/bhs\/newsletter\/","title":{"rendered":"YIHR newsletter"},"content":{"rendered":"<p><!-- Begin Mailchimp Signup Form -->\n<link href=\"\/\/cdn-images.mailchimp.com\/embedcode\/classic-10_7.css\" rel=\"stylesheet\" type=\"text\/css\">\n<style type=\"text\/css\">\n\t#mc_embed_signup{background:#fff; clear:left; font:14px Helvetica,Arial,sans-serif; }\n\t\/* Add your own Mailchimp form style overrides in your site stylesheet or in this style block.\n\t   We recommend moving this block and the preceding CSS link to the HEAD of your HTML file. *\/\n<\/style>\n<div id=\"mc_embed_signup\">\n<form action=\"https:\/\/yihr.us7.list-manage.com\/subscribe\/post?u=610d029f5deb9928608f5ffbd&amp;id=e141f19daa\" method=\"post\" id=\"mc-embedded-subscribe-form\" name=\"mc-embedded-subscribe-form\" class=\"validate\" target=\"_blank\" novalidate>\n<div id=\"mc_embed_signup_scroll\">\n<h2>Subscribe<\/h2>\n<div class=\"indicates-required\"><span class=\"asterisk\">*<\/span> indicates required<\/div>\n<div class=\"mc-field-group\">\n\t<label for=\"mce-EMAIL\">Email adresa  <span class=\"asterisk\">*<\/span><br \/>\n<\/label><br \/>\n\t<input type=\"email\" value=\"\" name=\"EMAIL\" class=\"required email\" id=\"mce-EMAIL\">\n<\/div>\n<div class=\"mc-field-group\">\n\t<label for=\"mce-IME\">Ime i prezime  <span class=\"asterisk\">*<\/span><br \/>\n<\/label><br \/>\n\t<input type=\"text\" value=\"\" name=\"IME\" class=\"required\" id=\"mce-IME\">\n<\/div>\n<div class=\"mc-field-group input-group\">\n    <strong>Koji sadr\u017eaj \u017eeli\u0161 da dobija\u0161? <\/strong><\/p>\n<ul>\n<li><input type=\"checkbox\" value=\"1\" name=\"group[15345][1]\" id=\"mce-group[15345]-15345-0\"><label for=\"mce-group[15345]-15345-0\">Novosti Inicijative (vesti, aktivnosti)<\/label><\/li>\n<li><input type=\"checkbox\" value=\"2\" name=\"group[15345][2]\" id=\"mce-group[15345]-15345-1\"><label for=\"mce-group[15345]-15345-1\">Konkursi (programi razmene, edukacija)<\/label><\/li>\n<li><input type=\"checkbox\" value=\"4\" name=\"group[15345][4]\" id=\"mce-group[15345]-15345-2\"><label for=\"mce-group[15345]-15345-2\">Preporuke (doga\u0111aji, programi, aktivnosti)<\/label><\/li>\n<\/ul>\n<\/div>\n<div class=\"mc-field-group\">\n\t<label for=\"mce-group[15413]\">Tvoja lokacija <\/label><br \/>\n\t<select name=\"group[15413]\" class=\"REQ_CSS\" id=\"mce-group[15413]\"><option value=\"\"><\/option><option value=\"8\">Beograd<\/option><option value=\"16\">Vojvodina<\/option><option value=\"32\">Centralna Srbija<\/option><option value=\"64\">Zapadna Srbija<\/option><option value=\"128\">Isto\u010dna Srbija<\/option><option value=\"256\">Ju\u017ena Srbija<\/option><option value=\"512\">drugo<\/option><\/select>\n<\/div>\n<div class=\"mc-field-group\">\n\t<label for=\"mce-group[15417]\">Godina ro\u0111enja <\/label><br \/>\n\t<select name=\"group[15417]\" class=\"REQ_CSS\" id=\"mce-group[15417]\"><option value=\"\"><\/option><option value=\"1024\">2005<\/option><option value=\"2048\">2004<\/option><option value=\"4096\">2003<\/option><option value=\"8192\">2002<\/option><option value=\"16384\">2001<\/option><option value=\"32768\">2000<\/option><option value=\"65536\">1999<\/option><option value=\"131072\">1998<\/option><option value=\"262144\">1997<\/option><option value=\"524288\">1996<\/option><option value=\"1048576\">1995<\/option><option value=\"2097152\">1994<\/option><option value=\"4194304\">1993<\/option><option value=\"8388608\">1992<\/option><option value=\"16777216\">1991<\/option><option value=\"33554432\">1990<\/option><option value=\"67108864\">1989<\/option><option value=\"134217728\">1988<\/option><option value=\"268435456\">1987<\/option><option value=\"536870912\">1986<\/option><option value=\"1073741824\">1985<\/option><option value=\"2147483648\">1984<\/option><option value=\"4294967296\">1983<\/option><option value=\"8589934592\">1982<\/option><option value=\"17179869184\">1981<\/option><option value=\"34359738368\">1980<\/option><option value=\"68719476736\">1979<\/option><option value=\"137438953472\">1978<\/option><option value=\"274877906944\">1977<\/option><option value=\"549755813888\">1976<\/option><option value=\"1099511627776\">1975<\/option><option value=\"2199023255552\">1974<\/option><option value=\"4398046511104\">1973<\/option><option value=\"8796093022208\">1972<\/option><option value=\"17592186044416\">1971<\/option><option value=\"35184372088832\">1970<\/option><option value=\"70368744177664\">1969<\/option><option value=\"140737488355328\">1968<\/option><option value=\"281474976710656\">1967<\/option><option value=\"562949953421312\">1966<\/option><option value=\"1125899906842624\">1965<\/option><option value=\"2251799813685248\">1964<\/option><option value=\"4503599627370496\">1963<\/option><option value=\"9007199254740992\">1962<\/option><option value=\"18014398509481984\">1961<\/option><option value=\"36028797018963968\">1960<\/option><option value=\"72057594037927936\">starije\/drugo<\/option><\/select>\n<\/div>\n<div id=\"mce-responses\" class=\"clear\">\n<div class=\"response\" id=\"mce-error-response\" style=\"display:none\"><\/div>\n<div class=\"response\" id=\"mce-success-response\" style=\"display:none\"><\/div>\n<\/p><\/div>\n<p>    <!-- real people should not fill this in and expect good things - do not remove this or risk form bot signups--><\/p>\n<div style=\"position: absolute; left: -5000px;\" aria-hidden=\"true\"><input type=\"text\" name=\"b_610d029f5deb9928608f5ffbd_e141f19daa\" tabindex=\"-1\" value=\"\"><\/div>\n<div class=\"clear\"><input type=\"submit\" onclick=\"ga('newsletter', 'prijava', 'SRB', 'click', 'Subscribe') value=\"Subscribe\" name=\"subscribe\" id=\"mc-embedded-subscribe\" class=\"button\"><\/div>\n<\/p><\/div>\n<\/form>\n<\/div>\n<p><script type='text\/javascript' src='\/\/s3.amazonaws.com\/downloads.mailchimp.com\/js\/mc-validate.js'><\/script><script type='text\/javascript'>(function($) {window.fnames = new Array(); window.ftypes = new Array();fnames[0]='EMAIL';ftypes[0]='email';fnames[1]='IME';ftypes[1]='text';fnames[2]='POZDRAV';ftypes[2]='text';}(jQuery));var $mcj = jQuery.noConflict(true);<\/script><br \/>\n<!--End mc_embed_signup--><\/p>\n","protected":false},"excerpt":{"rendered":"Subscribe * indicates required Email adresa * Ime i prezime * Koji sadr\u017eaj \u017eeli\u0161 da dobija\u0161? Novosti Inicijative (vesti, aktivnosti) Konkursi (programi razmene, edukacija) Preporuke (doga\u0111aji, programi, aktivnosti) Tvoja lokacija BeogradVojvodinaCentralna SrbijaZapadna SrbijaIsto\u010dna SrbijaJu\u017ena Srbijadrugo Godina ro\u0111enja 2005200420032002200120001999199819971996199519941993199219911990198919881987198619851984198319821981198019791978197719761975197419731972197119701969196819671966196519641963196219611960starije\/drugo","protected":false},"author":2,"featured_media":0,"parent":0,"menu_order":0,"comment_status":"closed","ping_status":"closed","template":"","meta":{"ngg_post_thumbnail":0},"acf":[],"yoast_head":"<!-- This site is optimized with the Yoast SEO plugin v20.7 - https:\/\/yoast.com\/wordpress\/plugins\/seo\/ -->\n<title>YIHR newsletter - YIHR.rs<\/title>\n<meta name=\"robots\" content=\"index, follow, max-snippet:-1, max-image-preview:large, max-video-preview:-1\" \/>\n<link rel=\"canonical\" href=\"https:\/\/yihr.rs\/bhs\/newsletter\/\" \/>\n<meta property=\"og:locale\" content=\"en_US\" \/>\n<meta property=\"og:type\" content=\"article\" \/>\n<meta property=\"og:title\" content=\"YIHR newsletter - YIHR.rs\" \/>\n<meta property=\"og:description\" content=\"Subscribe * indicates required Email adresa * Ime i prezime * Koji sadr\u017eaj \u017eeli\u0161 da dobija\u0161? Novosti Inicijative (vesti, aktivnosti) Konkursi (programi razmene, edukacija) Preporuke (doga\u0111aji, programi, aktivnosti) Tvoja lokacija BeogradVojvodinaCentralna SrbijaZapadna SrbijaIsto\u010dna SrbijaJu\u017ena Srbijadrugo Godina ro\u0111enja 2005200420032002200120001999199819971996199519941993199219911990198919881987198619851984198319821981198019791978197719761975197419731972197119701969196819671966196519641963196219611960starije\/drugo\" \/>\n<meta property=\"og:url\" content=\"https:\/\/yihr.rs\/bhs\/newsletter\/\" \/>\n<meta property=\"og:site_name\" content=\"YIHR.rs\" \/>\n<meta property=\"article:modified_time\" content=\"2020-05-04T13:36:49+00:00\" \/>\n<meta name=\"twitter:card\" content=\"summary_large_image\" \/>\n<script type=\"application\/ld+json\" class=\"yoast-schema-graph\">{\"@context\":\"https:\/\/schema.org\",\"@graph\":[{\"@type\":\"WebPage\",\"@id\":\"https:\/\/yihr.rs\/bhs\/newsletter\/\",\"url\":\"https:\/\/yihr.rs\/bhs\/newsletter\/\",\"name\":\"YIHR newsletter - YIHR.rs\",\"isPartOf\":{\"@id\":\"https:\/\/yihr.rs\/bhs\/#website\"},\"datePublished\":\"2020-01-30T19:05:39+00:00\",\"dateModified\":\"2020-05-04T13:36:49+00:00\",\"breadcrumb\":{\"@id\":\"https:\/\/yihr.rs\/bhs\/newsletter\/#breadcrumb\"},\"inLanguage\":\"bhs-BHS\",\"potentialAction\":[{\"@type\":\"ReadAction\",\"target\":[\"https:\/\/yihr.rs\/bhs\/newsletter\/\"]}]},{\"@type\":\"BreadcrumbList\",\"@id\":\"https:\/\/yihr.rs\/bhs\/newsletter\/#breadcrumb\",\"itemListElement\":[{\"@type\":\"ListItem\",\"position\":1,\"name\":\"Home\",\"item\":\"https:\/\/yihr.rs\/bhs\/\"},{\"@type\":\"ListItem\",\"position\":2,\"name\":\"YIHR newsletter\"}]},{\"@type\":\"WebSite\",\"@id\":\"https:\/\/yihr.rs\/bhs\/#website\",\"url\":\"https:\/\/yihr.rs\/bhs\/\",\"name\":\"YIHR.rs\",\"description\":\"\",\"publisher\":{\"@id\":\"https:\/\/yihr.rs\/bhs\/#organization\"},\"potentialAction\":[{\"@type\":\"SearchAction\",\"target\":{\"@type\":\"EntryPoint\",\"urlTemplate\":\"https:\/\/yihr.rs\/bhs\/?s={search_term_string}\"},\"query-input\":\"required name=search_term_string\"}],\"inLanguage\":\"bhs-BHS\"},{\"@type\":\"Organization\",\"@id\":\"https:\/\/yihr.rs\/bhs\/#organization\",\"name\":\"Inicijativa mladih za ljudska prava\",\"url\":\"https:\/\/yihr.rs\/bhs\/\",\"logo\":{\"@type\":\"ImageObject\",\"inLanguage\":\"bhs-BHS\",\"@id\":\"https:\/\/yihr.rs\/bhs\/#\/schema\/logo\/image\/\",\"url\":\"https:\/\/yihr.rs\/wp-content\/uploads\/2019\/04\/yihr-logo.png\",\"contentUrl\":\"https:\/\/yihr.rs\/wp-content\/uploads\/2019\/04\/yihr-logo.png\",\"width\":157,\"height\":54,\"caption\":\"Inicijativa mladih za ljudska prava\"},\"image\":{\"@id\":\"https:\/\/yihr.rs\/bhs\/#\/schema\/logo\/image\/\"}}]}<\/script>\n<!-- \/ Yoast SEO plugin. -->","yoast_head_json":{"title":"YIHR newsletter - YIHR.rs","robots":{"index":"index","follow":"follow","max-snippet":"max-snippet:-1","max-image-preview":"max-image-preview:large","max-video-preview":"max-video-preview:-1"},"canonical":"https:\/\/yihr.rs\/bhs\/newsletter\/","og_locale":"en_US","og_type":"article","og_title":"YIHR newsletter - YIHR.rs","og_description":"Subscribe * indicates required Email adresa * Ime i prezime * Koji sadr\u017eaj \u017eeli\u0161 da dobija\u0161? Novosti Inicijative (vesti, aktivnosti) Konkursi (programi razmene, edukacija) Preporuke (doga\u0111aji, programi, aktivnosti) Tvoja lokacija BeogradVojvodinaCentralna SrbijaZapadna SrbijaIsto\u010dna SrbijaJu\u017ena Srbijadrugo Godina ro\u0111enja 2005200420032002200120001999199819971996199519941993199219911990198919881987198619851984198319821981198019791978197719761975197419731972197119701969196819671966196519641963196219611960starije\/drugo","og_url":"https:\/\/yihr.rs\/bhs\/newsletter\/","og_site_name":"YIHR.rs","article_modified_time":"2020-05-04T13:36:49+00:00","twitter_card":"summary_large_image","schema":{"@context":"https:\/\/schema.org","@graph":[{"@type":"WebPage","@id":"https:\/\/yihr.rs\/bhs\/newsletter\/","url":"https:\/\/yihr.rs\/bhs\/newsletter\/","name":"YIHR newsletter - YIHR.rs","isPartOf":{"@id":"https:\/\/yihr.rs\/bhs\/#website"},"datePublished":"2020-01-30T19:05:39+00:00","dateModified":"2020-05-04T13:36:49+00:00","breadcrumb":{"@id":"https:\/\/yihr.rs\/bhs\/newsletter\/#breadcrumb"},"inLanguage":"bhs-BHS","potentialAction":[{"@type":"ReadAction","target":["https:\/\/yihr.rs\/bhs\/newsletter\/"]}]},{"@type":"BreadcrumbList","@id":"https:\/\/yihr.rs\/bhs\/newsletter\/#breadcrumb","itemListElement":[{"@type":"ListItem","position":1,"name":"Home","item":"https:\/\/yihr.rs\/bhs\/"},{"@type":"ListItem","position":2,"name":"YIHR newsletter"}]},{"@type":"WebSite","@id":"https:\/\/yihr.rs\/bhs\/#website","url":"https:\/\/yihr.rs\/bhs\/","name":"YIHR.rs","description":"","publisher":{"@id":"https:\/\/yihr.rs\/bhs\/#organization"},"potentialAction":[{"@type":"SearchAction","target":{"@type":"EntryPoint","urlTemplate":"https:\/\/yihr.rs\/bhs\/?s={search_term_string}"},"query-input":"required name=search_term_string"}],"inLanguage":"bhs-BHS"},{"@type":"Organization","@id":"https:\/\/yihr.rs\/bhs\/#organization","name":"Inicijativa mladih za ljudska prava","url":"https:\/\/yihr.rs\/bhs\/","logo":{"@type":"ImageObject","inLanguage":"bhs-BHS","@id":"https:\/\/yihr.rs\/bhs\/#\/schema\/logo\/image\/","url":"https:\/\/yihr.rs\/wp-content\/uploads\/2019\/04\/yihr-logo.png","contentUrl":"https:\/\/yihr.rs\/wp-content\/uploads\/2019\/04\/yihr-logo.png","width":157,"height":54,"caption":"Inicijativa mladih za ljudska prava"},"image":{"@id":"https:\/\/yihr.rs\/bhs\/#\/schema\/logo\/image\/"}}]}},"_links":{"self":[{"href":"https:\/\/yihr.rs\/bhs\/wp-json\/wp\/v2\/pages\/8326"}],"collection":[{"href":"https:\/\/yihr.rs\/bhs\/wp-json\/wp\/v2\/pages"}],"about":[{"href":"https:\/\/yihr.rs\/bhs\/wp-json\/wp\/v2\/types\/page"}],"author":[{"embeddable":true,"href":"https:\/\/yihr.rs\/bhs\/wp-json\/wp\/v2\/users\/2"}],"replies":[{"embeddable":true,"href":"https:\/\/yihr.rs\/bhs\/wp-json\/wp\/v2\/comments?post=8326"}],"version-history":[{"count":6,"href":"https:\/\/yihr.rs\/bhs\/wp-json\/wp\/v2\/pages\/8326\/revisions"}],"predecessor-version":[{"id":9087,"href":"https:\/\/yihr.rs\/bhs\/wp-json\/wp\/v2\/pages\/8326\/revisions\/9087"}],"wp:attachment":[{"href":"https:\/\/yihr.rs\/bhs\/wp-json\/wp\/v2\/media?parent=8326"}],"curies":[{"name":"wp","href":"https:\/\/api.w.org\/{rel}","templated":true}]}}