{"id":6299,"date":"2019-03-11T10:12:54","date_gmt":"2019-03-11T09:12:54","guid":{"rendered":"https:\/\/yihr.rs\/?page_id=6299"},"modified":"2025-09-24T10:42:03","modified_gmt":"2025-09-24T09:42:03","slug":"o-nama","status":"publish","type":"page","link":"https:\/\/yihr.rs\/bhs\/o-nama\/","title":{"rendered":"O nama"},"content":{"rendered":"<div class='content-column one_half'><p>Inicijativa mladih za ljudska prava (YIHR) je regionalna mre\u017ea nevladinih organizacija koja ima programe u <strong>Srbiji, Hrvatskoj, Crnoj Gori, Bosni i Hercegovini i na Kosovu.<\/strong><\/p>\n<p><strong>Od svog nastanka, 2003. godine, Inicijativa mladih za ljudska prava se bori za iste vrednosti.<\/strong><\/p>\n<p>Osnovne vrednosti Inicijative su istina, pravda, odgovornost, jednakost, sloboda, demokratija i mir. Borimo se za mir u regionu, ne samo za odsustvo rata, ve\u0107 za mir kao trajni proces koji podrazumeva suo\u010davanje sa pro\u0161lo\u0161\u0107u, a koji rezultira kontinuiranom saradnjom zemalja i ljudi u regionu.<\/p><\/div>\n<div class='content-column one_half'><p><strong>Mi ne pristajemo na ratnohu\u0161ka\u010dku politiku i ratne zlo\u010dince u javnom prostoru<\/strong> &#8211; insistiramo na po\u0161tovanju utvr\u0111enih \u010dinjenica, kao i na pravnoj ali i moralnoj osudi odgovornih za zlo\u010dine po\u010dinjene tokom ratova u biv\u0161oj Jugoslaviji. Mlade ljude iz regiona obrazujemo o ratnom nasle\u0111u, vode\u0107i dijalog o perspektivama demokratskog razvoja na\u0161ih dru\u0161tava.<\/p>\n<p>Aktivisti i aktivistkinje Inicijative, svesni da bez gra\u0111anskog aktivizma nema demokratije, \u0161tite ljudska prava i ne daju osvojene slobode.<\/p>\n<p><strong>Sedi\u0161ta Inicijative mladih za ljudska prava nalaze se u Beogradu, Zagrebu, Podgorici, Sarajevu i Pri\u0161tini.<\/strong><\/p><\/div>\n","protected":false},"excerpt":{"rendered":"","protected":false},"author":2,"featured_media":0,"parent":0,"menu_order":0,"comment_status":"closed","ping_status":"closed","template":"page-about-us.php","meta":{"ngg_post_thumbnail":0},"acf":[],"yoast_head":"<!-- This site is optimized with the Yoast SEO plugin v20.7 - https:\/\/yoast.com\/wordpress\/plugins\/seo\/ -->\n<title>Inicijativa mladih za ljudska prava - O nama<\/title>\n<meta name=\"description\" content=\"Upoznajte Inicijativu mladih za ljudska prava. Mi smo organizacija osnovana 2003. godine koja se bavi ljudskim pravima, povezivanjem mladih u regionu i edukacijom o doga\u0111ajima iz pro\u0161losti.\" \/>\n<meta name=\"robots\" content=\"index, follow, max-snippet:-1, max-image-preview:large, max-video-preview:-1\" \/>\n<link rel=\"canonical\" href=\"https:\/\/yihr.rs\/bhs\/o-nama\/\" \/>\n<meta property=\"og:locale\" content=\"en_US\" \/>\n<meta property=\"og:type\" content=\"article\" \/>\n<meta property=\"og:title\" content=\"Inicijativa mladih za ljudska prava - O nama\" \/>\n<meta property=\"og:description\" content=\"Upoznajte Inicijativu mladih za ljudska prava. Mi smo organizacija osnovana 2003. godine koja se bavi ljudskim pravima, povezivanjem mladih u regionu i edukacijom o doga\u0111ajima iz pro\u0161losti.\" \/>\n<meta property=\"og:url\" content=\"https:\/\/yihr.rs\/bhs\/o-nama\/\" \/>\n<meta property=\"og:site_name\" content=\"YIHR.rs\" \/>\n<meta property=\"article:modified_time\" content=\"2025-09-24T09:42:03+00:00\" \/>\n<meta name=\"twitter:card\" content=\"summary_large_image\" \/>\n<meta name=\"twitter:label1\" content=\"Est. reading time\" \/>\n\t<meta name=\"twitter:data1\" content=\"1 minute\" \/>\n<script type=\"application\/ld+json\" class=\"yoast-schema-graph\">{\"@context\":\"https:\/\/schema.org\",\"@graph\":[{\"@type\":\"WebPage\",\"@id\":\"https:\/\/yihr.rs\/bhs\/o-nama\/\",\"url\":\"https:\/\/yihr.rs\/bhs\/o-nama\/\",\"name\":\"Inicijativa mladih za ljudska prava - O nama\",\"isPartOf\":{\"@id\":\"https:\/\/yihr.rs\/bhs\/#website\"},\"datePublished\":\"2019-03-11T09:12:54+00:00\",\"dateModified\":\"2025-09-24T09:42:03+00:00\",\"description\":\"Upoznajte Inicijativu mladih za ljudska prava. Mi smo organizacija osnovana 2003. godine koja se bavi ljudskim pravima, povezivanjem mladih u regionu i edukacijom o doga\u0111ajima iz pro\u0161losti.\",\"breadcrumb\":{\"@id\":\"https:\/\/yihr.rs\/bhs\/o-nama\/#breadcrumb\"},\"inLanguage\":\"bhs-BHS\",\"potentialAction\":[{\"@type\":\"ReadAction\",\"target\":[\"https:\/\/yihr.rs\/bhs\/o-nama\/\"]}]},{\"@type\":\"BreadcrumbList\",\"@id\":\"https:\/\/yihr.rs\/bhs\/o-nama\/#breadcrumb\",\"itemListElement\":[{\"@type\":\"ListItem\",\"position\":1,\"name\":\"Home\",\"item\":\"https:\/\/yihr.rs\/bhs\/\"},{\"@type\":\"ListItem\",\"position\":2,\"name\":\"O nama\"}]},{\"@type\":\"WebSite\",\"@id\":\"https:\/\/yihr.rs\/bhs\/#website\",\"url\":\"https:\/\/yihr.rs\/bhs\/\",\"name\":\"YIHR.rs\",\"description\":\"\",\"publisher\":{\"@id\":\"https:\/\/yihr.rs\/bhs\/#organization\"},\"potentialAction\":[{\"@type\":\"SearchAction\",\"target\":{\"@type\":\"EntryPoint\",\"urlTemplate\":\"https:\/\/yihr.rs\/bhs\/?s={search_term_string}\"},\"query-input\":\"required name=search_term_string\"}],\"inLanguage\":\"bhs-BHS\"},{\"@type\":\"Organization\",\"@id\":\"https:\/\/yihr.rs\/bhs\/#organization\",\"name\":\"Inicijativa mladih za ljudska prava\",\"url\":\"https:\/\/yihr.rs\/bhs\/\",\"logo\":{\"@type\":\"ImageObject\",\"inLanguage\":\"bhs-BHS\",\"@id\":\"https:\/\/yihr.rs\/bhs\/#\/schema\/logo\/image\/\",\"url\":\"https:\/\/yihr.rs\/wp-content\/uploads\/2019\/04\/yihr-logo.png\",\"contentUrl\":\"https:\/\/yihr.rs\/wp-content\/uploads\/2019\/04\/yihr-logo.png\",\"width\":157,\"height\":54,\"caption\":\"Inicijativa mladih za ljudska prava\"},\"image\":{\"@id\":\"https:\/\/yihr.rs\/bhs\/#\/schema\/logo\/image\/\"}}]}<\/script>\n<!-- \/ Yoast SEO plugin. -->","yoast_head_json":{"title":"Inicijativa mladih za ljudska prava - O nama","description":"Upoznajte Inicijativu mladih za ljudska prava. Mi smo organizacija osnovana 2003. godine koja se bavi ljudskim pravima, povezivanjem mladih u regionu i edukacijom o doga\u0111ajima iz pro\u0161losti.","robots":{"index":"index","follow":"follow","max-snippet":"max-snippet:-1","max-image-preview":"max-image-preview:large","max-video-preview":"max-video-preview:-1"},"canonical":"https:\/\/yihr.rs\/bhs\/o-nama\/","og_locale":"en_US","og_type":"article","og_title":"Inicijativa mladih za ljudska prava - O nama","og_description":"Upoznajte Inicijativu mladih za ljudska prava. Mi smo organizacija osnovana 2003. godine koja se bavi ljudskim pravima, povezivanjem mladih u regionu i edukacijom o doga\u0111ajima iz pro\u0161losti.","og_url":"https:\/\/yihr.rs\/bhs\/o-nama\/","og_site_name":"YIHR.rs","article_modified_time":"2025-09-24T09:42:03+00:00","twitter_card":"summary_large_image","twitter_misc":{"Est. reading time":"1 minute"},"schema":{"@context":"https:\/\/schema.org","@graph":[{"@type":"WebPage","@id":"https:\/\/yihr.rs\/bhs\/o-nama\/","url":"https:\/\/yihr.rs\/bhs\/o-nama\/","name":"Inicijativa mladih za ljudska prava - O nama","isPartOf":{"@id":"https:\/\/yihr.rs\/bhs\/#website"},"datePublished":"2019-03-11T09:12:54+00:00","dateModified":"2025-09-24T09:42:03+00:00","description":"Upoznajte Inicijativu mladih za ljudska prava. Mi smo organizacija osnovana 2003. godine koja se bavi ljudskim pravima, povezivanjem mladih u regionu i edukacijom o doga\u0111ajima iz pro\u0161losti.","breadcrumb":{"@id":"https:\/\/yihr.rs\/bhs\/o-nama\/#breadcrumb"},"inLanguage":"bhs-BHS","potentialAction":[{"@type":"ReadAction","target":["https:\/\/yihr.rs\/bhs\/o-nama\/"]}]},{"@type":"BreadcrumbList","@id":"https:\/\/yihr.rs\/bhs\/o-nama\/#breadcrumb","itemListElement":[{"@type":"ListItem","position":1,"name":"Home","item":"https:\/\/yihr.rs\/bhs\/"},{"@type":"ListItem","position":2,"name":"O nama"}]},{"@type":"WebSite","@id":"https:\/\/yihr.rs\/bhs\/#website","url":"https:\/\/yihr.rs\/bhs\/","name":"YIHR.rs","description":"","publisher":{"@id":"https:\/\/yihr.rs\/bhs\/#organization"},"potentialAction":[{"@type":"SearchAction","target":{"@type":"EntryPoint","urlTemplate":"https:\/\/yihr.rs\/bhs\/?s={search_term_string}"},"query-input":"required name=search_term_string"}],"inLanguage":"bhs-BHS"},{"@type":"Organization","@id":"https:\/\/yihr.rs\/bhs\/#organization","name":"Inicijativa mladih za ljudska prava","url":"https:\/\/yihr.rs\/bhs\/","logo":{"@type":"ImageObject","inLanguage":"bhs-BHS","@id":"https:\/\/yihr.rs\/bhs\/#\/schema\/logo\/image\/","url":"https:\/\/yihr.rs\/wp-content\/uploads\/2019\/04\/yihr-logo.png","contentUrl":"https:\/\/yihr.rs\/wp-content\/uploads\/2019\/04\/yihr-logo.png","width":157,"height":54,"caption":"Inicijativa mladih za ljudska prava"},"image":{"@id":"https:\/\/yihr.rs\/bhs\/#\/schema\/logo\/image\/"}}]}},"_links":{"self":[{"href":"https:\/\/yihr.rs\/bhs\/wp-json\/wp\/v2\/pages\/6299"}],"collection":[{"href":"https:\/\/yihr.rs\/bhs\/wp-json\/wp\/v2\/pages"}],"about":[{"href":"https:\/\/yihr.rs\/bhs\/wp-json\/wp\/v2\/types\/page"}],"author":[{"embeddable":true,"href":"https:\/\/yihr.rs\/bhs\/wp-json\/wp\/v2\/users\/2"}],"replies":[{"embeddable":true,"href":"https:\/\/yihr.rs\/bhs\/wp-json\/wp\/v2\/comments?post=6299"}],"version-history":[{"count":19,"href":"https:\/\/yihr.rs\/bhs\/wp-json\/wp\/v2\/pages\/6299\/revisions"}],"predecessor-version":[{"id":8950,"href":"https:\/\/yihr.rs\/bhs\/wp-json\/wp\/v2\/pages\/6299\/revisions\/8950"}],"wp:attachment":[{"href":"https:\/\/yihr.rs\/bhs\/wp-json\/wp\/v2\/media?parent=6299"}],"curies":[{"name":"wp","href":"https:\/\/api.w.org\/{rel}","templated":true}]}}