{"id":2669,"date":"2017-01-11T00:38:17","date_gmt":"2017-01-11T00:38:17","guid":{"rendered":"https:\/\/yihr.rs\/?page_id=2669"},"modified":"2022-08-18T12:31:26","modified_gmt":"2022-08-18T11:31:26","slug":"cesto-postavljana-pitanja","status":"publish","type":"page","link":"https:\/\/yihr.rs\/bhs\/cesto-postavljana-pitanja\/","title":{"rendered":"\u010cesto postavljana pitanja"},"content":{"rendered":"<h2>\u0160ta je Inicijativa mladih za ljudska prava?<\/h2>\n<p>Inicijativa mladih za ljudska prava (YIHR) je regionalna mre\u017ea nevladinih organizacija koja svoje kancelarije ima u Srbiji, Hrvatskoj, Crnoj Gori, Bosni i Hercegovini i na Kosovu. Na\u0161e vrednosti su istina, pravda, odgovornost, jednakost, sloboda, demokratija i mir. Mi se borimo za mir u regionu, ali ne samo kao mir koji podrazumeva odsustvo rata, ve\u0107 za mir kao trajni proces koji za rezultat ima stalnu saradnju zemalja i ljudi u postjugoslovenskim i zemljama Zapadnog Balkana.<\/p>\n<p>Inicijativa od svog osnivanja organizuje i regionalne programe razmena putem kojih mladi &#8211; u\u010denici i u\u010denice srednjih \u0161kola, studenti, pravnici, novinari, aktivisti, umetnici &#8211; imaju priliku da upoznaju svoje vr\u0161njake u dr\u017eavama regiona, u\u010destvuju u edukativnim programima o ratovima devedesetih, ljudskim pravima i demokratiji, ali i da diskutuju o budu\u0107nosti na\u0161eg regiona. Kroz na\u0161e programe razmena do sada je pro\u0161lo vi\u0161e od 15 hiljada mladih, a od osnivanja organizovali smo vi\u0161e od 200 obuka i edukativnih programa, izdali vi\u0161e stotina javnih saop\u0161tenja i vi\u0161e od 30 analiti\u010dkih izve\u0161taja i studija, organizovali 300 uli\u010dnih akcija i protesta, a dobili smo i 15 slu\u010dajeva pred doma\u0107im i me\u0111unarodnim sudovima.<\/p>\n<p>Detaljnije o radu Inicijative \u010ditajte na stranici <a href=\"https:\/\/yihr.rso-nama\/\">&#8220;O nama&#8221;.<\/a><\/p>\n<h2>Kada je organizacija osnovana?<\/h2>\n<p>Inicijativa mladih za ljudska prava u Srbiji je osnovana 2003. godine.<\/p>\n<h2>Koje vrednosti zastupa Inicijativa?<\/h2>\n<p>Osnovne vrednosti Inicijative su istina, pravda, odgovornost, jednakost, sloboda, demokratija i mir.<\/p>\n<h2>Koliko \u010dlanova i \u010dlanica ima tima Inicijative?<\/h2>\n<p><a href=\"https:\/\/yihr.rstim\/\">Tim<\/a> Inicijative mladih za ljudska prava u Srbiji broji 15 \u010dlanova i \u010dlanica, dok u svim kancelarijama Inicijative u regionu radi oko 50 ljudi.<\/p>\n<h2>Gde sve postoje kancelarije Inicijative?<\/h2>\n<p>Inicijativa ima kancelarije u Beogradu, Sarajevu, Podgorici, Pri\u0161tini i Zagrebu.<\/p>\n<h2>Kako se Inicijativa finansira?<\/h2>\n<p>Poput ve\u0107ine nevladinih organizacija u Srbiji i svetu, Inicijativa mladih za ljudska prava finansira se projektno. Na\u0161e ideje i aktivnosti kojima \u017eelimo da stvorimo novu budu\u0107nost za region, na\u0161e dru\u0161tvo i mlade u Srbiji podr\u0161ku pronalaze kroz apliciranje u vidu projekata kod evropskih i svetskih fondacija. Ponosni smo \u0161to brojni donatorski fondovi ve\u0107 skoro dve decenije prepoznaju zna\u010daj rada Inicijative i podr\u017eavaju na\u0161e ideje i napore za bolju budu\u0107nost regiona Zapadnog Balkana.<\/p>\n<p>Neki od na\u0161ih donatora su Evropska komisija, Charles Stewart Mott fondacija, NED, Sigrid Rausing Trust, Fondacija za otvoreno dru\u0161tvo, Ambasada SAD u Srbiji, Ambasada Nema\u010dke u Srbiji <a href=\"https:\/\/yihr.rspodrzi-nas\/\">i drugi.<\/a><\/p>\n<h2>Kakav je stav Inicijative o Kosovu?<\/h2>\n<p>Inicijativa kao organizacija uva\u017eava nezavisnost Kosova. U svom stavu Inicijativa se vodi slede\u0107im \u010dinjenicama: Kosovo je proglasilo nezavisnost 2008. godine, ima vladu, policiju i institucije nezavisne od Srbije, \u010dlanica je brojnih evropskih i me\u0111unarodnih organizacija i priznato je kao dr\u017eava od strane ve\u0107ine dr\u017eava \u010dlanica UN-a. Kada je u pitanju Kosovo, Inicijativa insistira na procesuiranju svih ratnih zlo\u010dina i ispitivanju navoda za sve osobe za koje se sumnja da su po\u010dinile ratne zlo\u010dine, a sa velikom pa\u017enjom prati kr\u0161enja ljudskih prava, posebno prema manjinskim zajednicama na Kosovu.<\/p>\n<h2>Da li Inicijativa podr\u017eava odre\u0111ene politi\u010dke partije?<\/h2>\n<p>Inicijativa kao organizacija ne podr\u017eava nijednu politi\u010dku partiju, ali se aktivno suprotstavlja partijama koje propagiraju mr\u017enju, nasilje, netoleranciju i rathnohu\u0161a\u010dke politike.<\/p>\n<h2>Kakav je stav Inicijative o genocidu u Srebrenici?<\/h2>\n<p>Inicijativa, na osnovu sudskih presuda i utvr\u0111enih \u010dinjenica koje je Srbija zakonom u obavezi da po\u0161tuje, insistira na va\u017enosti termina \u201cgenocid\u201d kada se govori o Srebrenici. Upotreba izraza kao \u0161to su \u201cmasakr\u201d ili \u201cstra\u0161an zlo\u010din\u201d umanjuje i relativizuje te\u017einu zlo\u010dina koji se desio i vre\u0111a uspomenu na \u017ertve.<\/p>\n<p>Iako se u nacionalisti\u010dkim krugovima dru\u0161tva \u010desto sudske presude Ha\u0161kog tribunala tuma\u010de kao presude gra\u0111anima Srbije, uz \u0161ta se koristi i termin &#8220;genocidni narod&#8221;, Inicijativa konstantno podse\u0107a da odgovornost za bilo koji zlo\u010din mo\u017ee biti isklju\u010divo individualna i da se ni na koji na\u010din ne odnosi na ceo narod.<\/p>\n<h2>Kakav je stav Inicijative o LGBTIQ+ pravima?<\/h2>\n<p>Inicijativa mladih za ljudska prava \u0107e uvek biti saveznik u borbi za osvajanje sloboda i po\u0161tovanje ljudi svih rodnih identiteta i seksualnih orijentacija jer smatramo da ne sme postojati diskriminacija ni po kojem, pa ni po ovom osnovu. Inicijativa se bori za toleranciju i edukuje mlade kako bi svi \u010dlanovi i \u010dlanice na\u0161eg dru\u0161tva imali priliku da se upoznaju sa razli\u010ditostima ali i te\u0161ko\u0107ama koje ignorisanje ili mr\u017enja prema ovom segmentu dru\u0161tva proizvodi u \u017eivotu pojedinca.<\/p>\n","protected":false},"excerpt":{"rendered":"\u0160ta je Inicijativa mladih za ljudska prava? Inicijativa mladih za ljudska prava (YIHR) je regionalna mre\u017ea nevladinih organizacija koja svoje kancelarije ima u Srbiji, Hrvatskoj, Crnoj Gori, Bosni i Hercegovini i na Kosovu. Na\u0161e vrednosti su istina, pravda, odgovornost, jednakost, sloboda, demokratija i mir. Mi se borimo za mir u regionu, ali ne samo kao&#8230; <a class=\"view-article\" href=\"https:\/\/yihr.rs\/bhs\/cesto-postavljana-pitanja\/\">View Article<\/a>","protected":false},"author":2,"featured_media":0,"parent":0,"menu_order":0,"comment_status":"closed","ping_status":"closed","template":"","meta":{"ngg_post_thumbnail":0},"acf":[],"yoast_head":"<!-- This site is optimized with the Yoast SEO plugin v20.7 - https:\/\/yoast.com\/wordpress\/plugins\/seo\/ -->\n<title>\u010cesto postavljana pitanja - YIHR.rs<\/title>\n<meta name=\"robots\" content=\"index, follow, max-snippet:-1, max-image-preview:large, max-video-preview:-1\" \/>\n<link rel=\"canonical\" href=\"https:\/\/yihr.rs\/bhs\/cesto-postavljana-pitanja\/\" \/>\n<meta property=\"og:locale\" content=\"en_US\" \/>\n<meta property=\"og:type\" content=\"article\" \/>\n<meta property=\"og:title\" content=\"\u010cesto postavljana pitanja - YIHR.rs\" \/>\n<meta property=\"og:description\" content=\"\u0160ta je Inicijativa mladih za ljudska prava? Inicijativa mladih za ljudska prava (YIHR) je regionalna mre\u017ea nevladinih organizacija koja svoje kancelarije ima u Srbiji, Hrvatskoj, Crnoj Gori, Bosni i Hercegovini i na Kosovu. Na\u0161e vrednosti su istina, pravda, odgovornost, jednakost, sloboda, demokratija i mir. Mi se borimo za mir u regionu, ali ne samo kao... View Article\" \/>\n<meta property=\"og:url\" content=\"https:\/\/yihr.rs\/bhs\/cesto-postavljana-pitanja\/\" \/>\n<meta property=\"og:site_name\" content=\"YIHR.rs\" \/>\n<meta property=\"article:modified_time\" content=\"2022-08-18T11:31:26+00:00\" \/>\n<meta name=\"twitter:card\" content=\"summary_large_image\" \/>\n<meta name=\"twitter:label1\" content=\"Est. reading time\" \/>\n\t<meta name=\"twitter:data1\" content=\"4 minutes\" \/>\n<script type=\"application\/ld+json\" class=\"yoast-schema-graph\">{\"@context\":\"https:\/\/schema.org\",\"@graph\":[{\"@type\":\"WebPage\",\"@id\":\"https:\/\/yihr.rs\/bhs\/cesto-postavljana-pitanja\/\",\"url\":\"https:\/\/yihr.rs\/bhs\/cesto-postavljana-pitanja\/\",\"name\":\"\u010cesto postavljana pitanja - YIHR.rs\",\"isPartOf\":{\"@id\":\"https:\/\/yihr.rs\/bhs\/#website\"},\"datePublished\":\"2017-01-11T00:38:17+00:00\",\"dateModified\":\"2022-08-18T11:31:26+00:00\",\"breadcrumb\":{\"@id\":\"https:\/\/yihr.rs\/bhs\/cesto-postavljana-pitanja\/#breadcrumb\"},\"inLanguage\":\"bhs-BHS\",\"potentialAction\":[{\"@type\":\"ReadAction\",\"target\":[\"https:\/\/yihr.rs\/bhs\/cesto-postavljana-pitanja\/\"]}]},{\"@type\":\"BreadcrumbList\",\"@id\":\"https:\/\/yihr.rs\/bhs\/cesto-postavljana-pitanja\/#breadcrumb\",\"itemListElement\":[{\"@type\":\"ListItem\",\"position\":1,\"name\":\"Home\",\"item\":\"https:\/\/yihr.rs\/bhs\/\"},{\"@type\":\"ListItem\",\"position\":2,\"name\":\"\u010cesto postavljana pitanja\"}]},{\"@type\":\"WebSite\",\"@id\":\"https:\/\/yihr.rs\/bhs\/#website\",\"url\":\"https:\/\/yihr.rs\/bhs\/\",\"name\":\"YIHR.rs\",\"description\":\"\",\"publisher\":{\"@id\":\"https:\/\/yihr.rs\/bhs\/#organization\"},\"potentialAction\":[{\"@type\":\"SearchAction\",\"target\":{\"@type\":\"EntryPoint\",\"urlTemplate\":\"https:\/\/yihr.rs\/bhs\/?s={search_term_string}\"},\"query-input\":\"required name=search_term_string\"}],\"inLanguage\":\"bhs-BHS\"},{\"@type\":\"Organization\",\"@id\":\"https:\/\/yihr.rs\/bhs\/#organization\",\"name\":\"Inicijativa mladih za ljudska prava\",\"url\":\"https:\/\/yihr.rs\/bhs\/\",\"logo\":{\"@type\":\"ImageObject\",\"inLanguage\":\"bhs-BHS\",\"@id\":\"https:\/\/yihr.rs\/bhs\/#\/schema\/logo\/image\/\",\"url\":\"https:\/\/yihr.rs\/wp-content\/uploads\/2019\/04\/yihr-logo.png\",\"contentUrl\":\"https:\/\/yihr.rs\/wp-content\/uploads\/2019\/04\/yihr-logo.png\",\"width\":157,\"height\":54,\"caption\":\"Inicijativa mladih za ljudska prava\"},\"image\":{\"@id\":\"https:\/\/yihr.rs\/bhs\/#\/schema\/logo\/image\/\"}}]}<\/script>\n<!-- \/ Yoast SEO plugin. -->","yoast_head_json":{"title":"\u010cesto postavljana pitanja - YIHR.rs","robots":{"index":"index","follow":"follow","max-snippet":"max-snippet:-1","max-image-preview":"max-image-preview:large","max-video-preview":"max-video-preview:-1"},"canonical":"https:\/\/yihr.rs\/bhs\/cesto-postavljana-pitanja\/","og_locale":"en_US","og_type":"article","og_title":"\u010cesto postavljana pitanja - YIHR.rs","og_description":"\u0160ta je Inicijativa mladih za ljudska prava? Inicijativa mladih za ljudska prava (YIHR) je regionalna mre\u017ea nevladinih organizacija koja svoje kancelarije ima u Srbiji, Hrvatskoj, Crnoj Gori, Bosni i Hercegovini i na Kosovu. Na\u0161e vrednosti su istina, pravda, odgovornost, jednakost, sloboda, demokratija i mir. Mi se borimo za mir u regionu, ali ne samo kao... View Article","og_url":"https:\/\/yihr.rs\/bhs\/cesto-postavljana-pitanja\/","og_site_name":"YIHR.rs","article_modified_time":"2022-08-18T11:31:26+00:00","twitter_card":"summary_large_image","twitter_misc":{"Est. reading time":"4 minutes"},"schema":{"@context":"https:\/\/schema.org","@graph":[{"@type":"WebPage","@id":"https:\/\/yihr.rs\/bhs\/cesto-postavljana-pitanja\/","url":"https:\/\/yihr.rs\/bhs\/cesto-postavljana-pitanja\/","name":"\u010cesto postavljana pitanja - YIHR.rs","isPartOf":{"@id":"https:\/\/yihr.rs\/bhs\/#website"},"datePublished":"2017-01-11T00:38:17+00:00","dateModified":"2022-08-18T11:31:26+00:00","breadcrumb":{"@id":"https:\/\/yihr.rs\/bhs\/cesto-postavljana-pitanja\/#breadcrumb"},"inLanguage":"bhs-BHS","potentialAction":[{"@type":"ReadAction","target":["https:\/\/yihr.rs\/bhs\/cesto-postavljana-pitanja\/"]}]},{"@type":"BreadcrumbList","@id":"https:\/\/yihr.rs\/bhs\/cesto-postavljana-pitanja\/#breadcrumb","itemListElement":[{"@type":"ListItem","position":1,"name":"Home","item":"https:\/\/yihr.rs\/bhs\/"},{"@type":"ListItem","position":2,"name":"\u010cesto postavljana pitanja"}]},{"@type":"WebSite","@id":"https:\/\/yihr.rs\/bhs\/#website","url":"https:\/\/yihr.rs\/bhs\/","name":"YIHR.rs","description":"","publisher":{"@id":"https:\/\/yihr.rs\/bhs\/#organization"},"potentialAction":[{"@type":"SearchAction","target":{"@type":"EntryPoint","urlTemplate":"https:\/\/yihr.rs\/bhs\/?s={search_term_string}"},"query-input":"required name=search_term_string"}],"inLanguage":"bhs-BHS"},{"@type":"Organization","@id":"https:\/\/yihr.rs\/bhs\/#organization","name":"Inicijativa mladih za ljudska prava","url":"https:\/\/yihr.rs\/bhs\/","logo":{"@type":"ImageObject","inLanguage":"bhs-BHS","@id":"https:\/\/yihr.rs\/bhs\/#\/schema\/logo\/image\/","url":"https:\/\/yihr.rs\/wp-content\/uploads\/2019\/04\/yihr-logo.png","contentUrl":"https:\/\/yihr.rs\/wp-content\/uploads\/2019\/04\/yihr-logo.png","width":157,"height":54,"caption":"Inicijativa mladih za ljudska prava"},"image":{"@id":"https:\/\/yihr.rs\/bhs\/#\/schema\/logo\/image\/"}}]}},"_links":{"self":[{"href":"https:\/\/yihr.rs\/bhs\/wp-json\/wp\/v2\/pages\/2669"}],"collection":[{"href":"https:\/\/yihr.rs\/bhs\/wp-json\/wp\/v2\/pages"}],"about":[{"href":"https:\/\/yihr.rs\/bhs\/wp-json\/wp\/v2\/types\/page"}],"author":[{"embeddable":true,"href":"https:\/\/yihr.rs\/bhs\/wp-json\/wp\/v2\/users\/2"}],"replies":[{"embeddable":true,"href":"https:\/\/yihr.rs\/bhs\/wp-json\/wp\/v2\/comments?post=2669"}],"version-history":[{"count":7,"href":"https:\/\/yihr.rs\/bhs\/wp-json\/wp\/v2\/pages\/2669\/revisions"}],"predecessor-version":[{"id":12831,"href":"https:\/\/yihr.rs\/bhs\/wp-json\/wp\/v2\/pages\/2669\/revisions\/12831"}],"wp:attachment":[{"href":"https:\/\/yihr.rs\/bhs\/wp-json\/wp\/v2\/media?parent=2669"}],"curies":[{"name":"wp","href":"https:\/\/api.w.org\/{rel}","templated":true}]}}