{"id":2549,"date":"2016-11-27T19:41:34","date_gmt":"2016-11-27T19:41:34","guid":{"rendered":"https:\/\/yihr.rs\/?page_id=2549"},"modified":"2022-08-17T11:40:54","modified_gmt":"2022-08-17T10:40:54","slug":"moja-inicijativa","status":"publish","type":"page","link":"https:\/\/yihr.rs\/bhs\/moja-inicijativa\/","title":{"rendered":"Moja Inicijativa"},"content":{"rendered":"<p>Moja Inicijativa je aktivisti\u010dka mre\u017ea koju \u010dine mladi i hrabri ljudi \u0161irom Srbije i koji se svakodnevno bore za pravednije dru\u0161tvo, po\u0161tovanje ljudskih prava i regionalnu saradnju.<\/p>\n<p>MI se borimo za demokratske vrednosti i aktivno u\u010destvujemo u stvaranju dru\u0161tva u kome \u017eelimo da \u017eivimo.<\/p>\n<p>MI se me\u0111usobno podsti\u010demo i ne bojimo se da budemo pokreta\u010di dru\u0161tvenih i politi\u010dkih promena.<\/p>\n<p>MI ukazujemo na probleme, razvijamo kriti\u010dko mi\u0161ljenje, suo\u010davamo se sa pro\u0161lo\u0161\u0107u i borimo se za one \u010dija su prava ugro\u017eena.<\/p>\n<p>Moja Inicijativa je otvorena za svakoga ko deli na\u0161e vrednosti i principe.<\/p>\n<p style=\"text-align: center;\">KONTAKT: <a href=\"mailto:mojainicijativa@yihr.org\">mojainicijativa@yihr.org<\/a><\/p>\n","protected":false},"excerpt":{"rendered":"Moja Inicijativa je aktivisti\u010dka mre\u017ea koju \u010dine mladi i hrabri ljudi \u0161irom Srbije i koji se svakodnevno bore za pravednije dru\u0161tvo, po\u0161tovanje ljudskih prava i regionalnu saradnju. MI se borimo za demokratske vrednosti i aktivno u\u010destvujemo u stvaranju dru\u0161tva u kome \u017eelimo da \u017eivimo. MI se me\u0111usobno podsti\u010demo i ne bojimo se da budemo pokreta\u010di&#8230; <a class=\"view-article\" href=\"https:\/\/yihr.rs\/bhs\/moja-inicijativa\/\">View Article<\/a>","protected":false},"author":1,"featured_media":0,"parent":0,"menu_order":0,"comment_status":"closed","ping_status":"closed","template":"","meta":{"ngg_post_thumbnail":0},"acf":[],"yoast_head":"<!-- This site is optimized with the Yoast SEO plugin v20.7 - https:\/\/yoast.com\/wordpress\/plugins\/seo\/ -->\n<title>Moja Inicijativa - YIHR.rs<\/title>\n<meta name=\"robots\" content=\"index, follow, max-snippet:-1, max-image-preview:large, max-video-preview:-1\" \/>\n<link rel=\"canonical\" href=\"https:\/\/yihr.rs\/bhs\/moja-inicijativa\/\" \/>\n<meta property=\"og:locale\" content=\"en_US\" \/>\n<meta property=\"og:type\" content=\"article\" \/>\n<meta property=\"og:title\" content=\"Moja Inicijativa - YIHR.rs\" \/>\n<meta property=\"og:description\" content=\"Moja Inicijativa je aktivisti\u010dka mre\u017ea koju \u010dine mladi i hrabri ljudi \u0161irom Srbije i koji se svakodnevno bore za pravednije dru\u0161tvo, po\u0161tovanje ljudskih prava i regionalnu saradnju. MI se borimo za demokratske vrednosti i aktivno u\u010destvujemo u stvaranju dru\u0161tva u kome \u017eelimo da \u017eivimo. MI se me\u0111usobno podsti\u010demo i ne bojimo se da budemo pokreta\u010di... View Article\" \/>\n<meta property=\"og:url\" content=\"https:\/\/yihr.rs\/bhs\/moja-inicijativa\/\" \/>\n<meta property=\"og:site_name\" content=\"YIHR.rs\" \/>\n<meta property=\"article:modified_time\" content=\"2022-08-17T10:40:54+00:00\" \/>\n<meta name=\"twitter:card\" content=\"summary_large_image\" \/>\n<meta name=\"twitter:label1\" content=\"Est. reading time\" \/>\n\t<meta name=\"twitter:data1\" content=\"1 minute\" \/>\n<script type=\"application\/ld+json\" class=\"yoast-schema-graph\">{\"@context\":\"https:\/\/schema.org\",\"@graph\":[{\"@type\":\"WebPage\",\"@id\":\"https:\/\/yihr.rs\/bhs\/moja-inicijativa\/\",\"url\":\"https:\/\/yihr.rs\/bhs\/moja-inicijativa\/\",\"name\":\"Moja Inicijativa - YIHR.rs\",\"isPartOf\":{\"@id\":\"https:\/\/yihr.rs\/bhs\/#website\"},\"datePublished\":\"2016-11-27T19:41:34+00:00\",\"dateModified\":\"2022-08-17T10:40:54+00:00\",\"breadcrumb\":{\"@id\":\"https:\/\/yihr.rs\/bhs\/moja-inicijativa\/#breadcrumb\"},\"inLanguage\":\"bhs-BHS\",\"potentialAction\":[{\"@type\":\"ReadAction\",\"target\":[\"https:\/\/yihr.rs\/bhs\/moja-inicijativa\/\"]}]},{\"@type\":\"BreadcrumbList\",\"@id\":\"https:\/\/yihr.rs\/bhs\/moja-inicijativa\/#breadcrumb\",\"itemListElement\":[{\"@type\":\"ListItem\",\"position\":1,\"name\":\"Home\",\"item\":\"https:\/\/yihr.rs\/bhs\/\"},{\"@type\":\"ListItem\",\"position\":2,\"name\":\"Moja Inicijativa\"}]},{\"@type\":\"WebSite\",\"@id\":\"https:\/\/yihr.rs\/bhs\/#website\",\"url\":\"https:\/\/yihr.rs\/bhs\/\",\"name\":\"YIHR.rs\",\"description\":\"\",\"publisher\":{\"@id\":\"https:\/\/yihr.rs\/bhs\/#organization\"},\"potentialAction\":[{\"@type\":\"SearchAction\",\"target\":{\"@type\":\"EntryPoint\",\"urlTemplate\":\"https:\/\/yihr.rs\/bhs\/?s={search_term_string}\"},\"query-input\":\"required name=search_term_string\"}],\"inLanguage\":\"bhs-BHS\"},{\"@type\":\"Organization\",\"@id\":\"https:\/\/yihr.rs\/bhs\/#organization\",\"name\":\"Inicijativa mladih za ljudska prava\",\"url\":\"https:\/\/yihr.rs\/bhs\/\",\"logo\":{\"@type\":\"ImageObject\",\"inLanguage\":\"bhs-BHS\",\"@id\":\"https:\/\/yihr.rs\/bhs\/#\/schema\/logo\/image\/\",\"url\":\"https:\/\/yihr.rs\/wp-content\/uploads\/2019\/04\/yihr-logo.png\",\"contentUrl\":\"https:\/\/yihr.rs\/wp-content\/uploads\/2019\/04\/yihr-logo.png\",\"width\":157,\"height\":54,\"caption\":\"Inicijativa mladih za ljudska prava\"},\"image\":{\"@id\":\"https:\/\/yihr.rs\/bhs\/#\/schema\/logo\/image\/\"}}]}<\/script>\n<!-- \/ Yoast SEO plugin. -->","yoast_head_json":{"title":"Moja Inicijativa - YIHR.rs","robots":{"index":"index","follow":"follow","max-snippet":"max-snippet:-1","max-image-preview":"max-image-preview:large","max-video-preview":"max-video-preview:-1"},"canonical":"https:\/\/yihr.rs\/bhs\/moja-inicijativa\/","og_locale":"en_US","og_type":"article","og_title":"Moja Inicijativa - YIHR.rs","og_description":"Moja Inicijativa je aktivisti\u010dka mre\u017ea koju \u010dine mladi i hrabri ljudi \u0161irom Srbije i koji se svakodnevno bore za pravednije dru\u0161tvo, po\u0161tovanje ljudskih prava i regionalnu saradnju. MI se borimo za demokratske vrednosti i aktivno u\u010destvujemo u stvaranju dru\u0161tva u kome \u017eelimo da \u017eivimo. MI se me\u0111usobno podsti\u010demo i ne bojimo se da budemo pokreta\u010di... View Article","og_url":"https:\/\/yihr.rs\/bhs\/moja-inicijativa\/","og_site_name":"YIHR.rs","article_modified_time":"2022-08-17T10:40:54+00:00","twitter_card":"summary_large_image","twitter_misc":{"Est. reading time":"1 minute"},"schema":{"@context":"https:\/\/schema.org","@graph":[{"@type":"WebPage","@id":"https:\/\/yihr.rs\/bhs\/moja-inicijativa\/","url":"https:\/\/yihr.rs\/bhs\/moja-inicijativa\/","name":"Moja Inicijativa - YIHR.rs","isPartOf":{"@id":"https:\/\/yihr.rs\/bhs\/#website"},"datePublished":"2016-11-27T19:41:34+00:00","dateModified":"2022-08-17T10:40:54+00:00","breadcrumb":{"@id":"https:\/\/yihr.rs\/bhs\/moja-inicijativa\/#breadcrumb"},"inLanguage":"bhs-BHS","potentialAction":[{"@type":"ReadAction","target":["https:\/\/yihr.rs\/bhs\/moja-inicijativa\/"]}]},{"@type":"BreadcrumbList","@id":"https:\/\/yihr.rs\/bhs\/moja-inicijativa\/#breadcrumb","itemListElement":[{"@type":"ListItem","position":1,"name":"Home","item":"https:\/\/yihr.rs\/bhs\/"},{"@type":"ListItem","position":2,"name":"Moja Inicijativa"}]},{"@type":"WebSite","@id":"https:\/\/yihr.rs\/bhs\/#website","url":"https:\/\/yihr.rs\/bhs\/","name":"YIHR.rs","description":"","publisher":{"@id":"https:\/\/yihr.rs\/bhs\/#organization"},"potentialAction":[{"@type":"SearchAction","target":{"@type":"EntryPoint","urlTemplate":"https:\/\/yihr.rs\/bhs\/?s={search_term_string}"},"query-input":"required name=search_term_string"}],"inLanguage":"bhs-BHS"},{"@type":"Organization","@id":"https:\/\/yihr.rs\/bhs\/#organization","name":"Inicijativa mladih za ljudska prava","url":"https:\/\/yihr.rs\/bhs\/","logo":{"@type":"ImageObject","inLanguage":"bhs-BHS","@id":"https:\/\/yihr.rs\/bhs\/#\/schema\/logo\/image\/","url":"https:\/\/yihr.rs\/wp-content\/uploads\/2019\/04\/yihr-logo.png","contentUrl":"https:\/\/yihr.rs\/wp-content\/uploads\/2019\/04\/yihr-logo.png","width":157,"height":54,"caption":"Inicijativa mladih za ljudska prava"},"image":{"@id":"https:\/\/yihr.rs\/bhs\/#\/schema\/logo\/image\/"}}]}},"_links":{"self":[{"href":"https:\/\/yihr.rs\/bhs\/wp-json\/wp\/v2\/pages\/2549"}],"collection":[{"href":"https:\/\/yihr.rs\/bhs\/wp-json\/wp\/v2\/pages"}],"about":[{"href":"https:\/\/yihr.rs\/bhs\/wp-json\/wp\/v2\/types\/page"}],"author":[{"embeddable":true,"href":"https:\/\/yihr.rs\/bhs\/wp-json\/wp\/v2\/users\/1"}],"replies":[{"embeddable":true,"href":"https:\/\/yihr.rs\/bhs\/wp-json\/wp\/v2\/comments?post=2549"}],"version-history":[{"count":16,"href":"https:\/\/yihr.rs\/bhs\/wp-json\/wp\/v2\/pages\/2549\/revisions"}],"predecessor-version":[{"id":12821,"href":"https:\/\/yihr.rs\/bhs\/wp-json\/wp\/v2\/pages\/2549\/revisions\/12821"}],"wp:attachment":[{"href":"https:\/\/yihr.rs\/bhs\/wp-json\/wp\/v2\/media?parent=2549"}],"curies":[{"name":"wp","href":"https:\/\/api.w.org\/{rel}","templated":true}]}}