{"id":1291,"date":"2015-05-14T21:28:09","date_gmt":"2015-05-14T21:28:09","guid":{"rendered":"https:\/\/yihr.rs\/?page_id=1291"},"modified":"2020-08-11T15:33:34","modified_gmt":"2020-08-11T14:33:34","slug":"podrzi-nas","status":"publish","type":"page","link":"https:\/\/yihr.rs\/bhs\/podrzi-nas\/","title":{"rendered":"Podr\u017ei nas"},"content":{"rendered":"<h2>Donacije nam poma\u017eu da ostvarimo ciljeve<\/h2>\n<div class=\"h-line hm-30\">&nbsp;<\/div>\n<p>Inicijativa mladih za ljudska prava je neprofitna organizacija koja deluje na principima vladavine prava, o\u010duvanja vrednosti civilnog dru\u0161tva i za\u0161titi ljudskih prava.<\/p>\n<p>Hvala vam \u0161to prepoznajete na\u0161 rad kao zna\u010dajan za celokupno dru\u0161tvo i \u0161to na\u0161e vrednosti smatrate va\u017enim. U na\u0161em radu va\u017ena nam je podr\u0161ka pojedinaca ali i svih sektora dru\u0161tva. Da bismo ostvarili ciljeve za koje se zala\u017eemo potrebna nam je pomo\u0107 svih vas koji podjednako razumete va\u017enost aktivnog delovanja.<\/p>\n<p>Svakodnevno smo u potrazi za novim idejama i projektima koji \u0107e unaprediti demokratske vrednosti u na\u0161em dru\u0161tvu i zato vas pozivamo da nas podr\u017eite i da zajedno razmi\u0161ljamo i stvaramo nove mogu\u0107nosti za region, na\u0161u zemlju i mlade.<\/p>\n<p>Radujemo se budu\u0107oj saradnji.<\/p>\n","protected":false},"excerpt":{"rendered":"Donacije nam poma\u017eu da ostvarimo ciljeve &nbsp; Inicijativa mladih za ljudska prava je neprofitna organizacija koja deluje na principima vladavine prava, o\u010duvanja vrednosti civilnog dru\u0161tva i za\u0161titi ljudskih prava. Hvala vam \u0161to prepoznajete na\u0161 rad kao zna\u010dajan za celokupno dru\u0161tvo i \u0161to na\u0161e vrednosti smatrate va\u017enim. U na\u0161em radu va\u017ena nam je podr\u0161ka pojedinaca ali&#8230; <a class=\"view-article\" href=\"https:\/\/yihr.rs\/bhs\/podrzi-nas\/\">View Article<\/a>","protected":false},"author":2,"featured_media":0,"parent":0,"menu_order":0,"comment_status":"closed","ping_status":"closed","template":"page-donators.php","meta":{"ngg_post_thumbnail":0},"acf":[],"yoast_head":"<!-- This site is optimized with the Yoast SEO plugin v20.7 - https:\/\/yoast.com\/wordpress\/plugins\/seo\/ -->\n<title>Podr\u017ei nas - Inicijativa mladih za ljudska prava<\/title>\n<meta name=\"robots\" content=\"index, follow, max-snippet:-1, max-image-preview:large, max-video-preview:-1\" \/>\n<link rel=\"canonical\" href=\"https:\/\/yihr.rs\/bhs\/podrzi-nas\/\" \/>\n<meta property=\"og:locale\" content=\"en_US\" \/>\n<meta property=\"og:type\" content=\"article\" \/>\n<meta property=\"og:title\" content=\"Podr\u017ei nas - Inicijativa mladih za ljudska prava\" \/>\n<meta property=\"og:description\" content=\"Donacije nam poma\u017eu da ostvarimo ciljeve &nbsp; Inicijativa mladih za ljudska prava je neprofitna organizacija koja deluje na principima vladavine prava, o\u010duvanja vrednosti civilnog dru\u0161tva i za\u0161titi ljudskih prava. Hvala vam \u0161to prepoznajete na\u0161 rad kao zna\u010dajan za celokupno dru\u0161tvo i \u0161to na\u0161e vrednosti smatrate va\u017enim. U na\u0161em radu va\u017ena nam je podr\u0161ka pojedinaca ali... View Article\" \/>\n<meta property=\"og:url\" content=\"https:\/\/yihr.rs\/bhs\/podrzi-nas\/\" \/>\n<meta property=\"og:site_name\" content=\"YIHR.rs\" \/>\n<meta property=\"article:modified_time\" content=\"2020-08-11T14:33:34+00:00\" \/>\n<meta name=\"twitter:card\" content=\"summary_large_image\" \/>\n<meta name=\"twitter:label1\" content=\"Est. reading time\" \/>\n\t<meta name=\"twitter:data1\" content=\"1 minute\" \/>\n<script type=\"application\/ld+json\" class=\"yoast-schema-graph\">{\"@context\":\"https:\/\/schema.org\",\"@graph\":[{\"@type\":\"WebPage\",\"@id\":\"https:\/\/yihr.rs\/bhs\/podrzi-nas\/\",\"url\":\"https:\/\/yihr.rs\/bhs\/podrzi-nas\/\",\"name\":\"Podr\u017ei nas - Inicijativa mladih za ljudska prava\",\"isPartOf\":{\"@id\":\"https:\/\/yihr.rs\/bhs\/#website\"},\"datePublished\":\"2015-05-14T21:28:09+00:00\",\"dateModified\":\"2020-08-11T14:33:34+00:00\",\"breadcrumb\":{\"@id\":\"https:\/\/yihr.rs\/bhs\/podrzi-nas\/#breadcrumb\"},\"inLanguage\":\"bhs-BHS\",\"potentialAction\":[{\"@type\":\"ReadAction\",\"target\":[\"https:\/\/yihr.rs\/bhs\/podrzi-nas\/\"]}]},{\"@type\":\"BreadcrumbList\",\"@id\":\"https:\/\/yihr.rs\/bhs\/podrzi-nas\/#breadcrumb\",\"itemListElement\":[{\"@type\":\"ListItem\",\"position\":1,\"name\":\"Home\",\"item\":\"https:\/\/yihr.rs\/bhs\/\"},{\"@type\":\"ListItem\",\"position\":2,\"name\":\"Podr\u017ei nas\"}]},{\"@type\":\"WebSite\",\"@id\":\"https:\/\/yihr.rs\/bhs\/#website\",\"url\":\"https:\/\/yihr.rs\/bhs\/\",\"name\":\"YIHR.rs\",\"description\":\"\",\"publisher\":{\"@id\":\"https:\/\/yihr.rs\/bhs\/#organization\"},\"potentialAction\":[{\"@type\":\"SearchAction\",\"target\":{\"@type\":\"EntryPoint\",\"urlTemplate\":\"https:\/\/yihr.rs\/bhs\/?s={search_term_string}\"},\"query-input\":\"required name=search_term_string\"}],\"inLanguage\":\"bhs-BHS\"},{\"@type\":\"Organization\",\"@id\":\"https:\/\/yihr.rs\/bhs\/#organization\",\"name\":\"Inicijativa mladih za ljudska prava\",\"url\":\"https:\/\/yihr.rs\/bhs\/\",\"logo\":{\"@type\":\"ImageObject\",\"inLanguage\":\"bhs-BHS\",\"@id\":\"https:\/\/yihr.rs\/bhs\/#\/schema\/logo\/image\/\",\"url\":\"https:\/\/yihr.rs\/wp-content\/uploads\/2019\/04\/yihr-logo.png\",\"contentUrl\":\"https:\/\/yihr.rs\/wp-content\/uploads\/2019\/04\/yihr-logo.png\",\"width\":157,\"height\":54,\"caption\":\"Inicijativa mladih za ljudska prava\"},\"image\":{\"@id\":\"https:\/\/yihr.rs\/bhs\/#\/schema\/logo\/image\/\"}}]}<\/script>\n<!-- \/ Yoast SEO plugin. -->","yoast_head_json":{"title":"Podr\u017ei nas - Inicijativa mladih za ljudska prava","robots":{"index":"index","follow":"follow","max-snippet":"max-snippet:-1","max-image-preview":"max-image-preview:large","max-video-preview":"max-video-preview:-1"},"canonical":"https:\/\/yihr.rs\/bhs\/podrzi-nas\/","og_locale":"en_US","og_type":"article","og_title":"Podr\u017ei nas - Inicijativa mladih za ljudska prava","og_description":"Donacije nam poma\u017eu da ostvarimo ciljeve &nbsp; Inicijativa mladih za ljudska prava je neprofitna organizacija koja deluje na principima vladavine prava, o\u010duvanja vrednosti civilnog dru\u0161tva i za\u0161titi ljudskih prava. Hvala vam \u0161to prepoznajete na\u0161 rad kao zna\u010dajan za celokupno dru\u0161tvo i \u0161to na\u0161e vrednosti smatrate va\u017enim. U na\u0161em radu va\u017ena nam je podr\u0161ka pojedinaca ali... View Article","og_url":"https:\/\/yihr.rs\/bhs\/podrzi-nas\/","og_site_name":"YIHR.rs","article_modified_time":"2020-08-11T14:33:34+00:00","twitter_card":"summary_large_image","twitter_misc":{"Est. reading time":"1 minute"},"schema":{"@context":"https:\/\/schema.org","@graph":[{"@type":"WebPage","@id":"https:\/\/yihr.rs\/bhs\/podrzi-nas\/","url":"https:\/\/yihr.rs\/bhs\/podrzi-nas\/","name":"Podr\u017ei nas - Inicijativa mladih za ljudska prava","isPartOf":{"@id":"https:\/\/yihr.rs\/bhs\/#website"},"datePublished":"2015-05-14T21:28:09+00:00","dateModified":"2020-08-11T14:33:34+00:00","breadcrumb":{"@id":"https:\/\/yihr.rs\/bhs\/podrzi-nas\/#breadcrumb"},"inLanguage":"bhs-BHS","potentialAction":[{"@type":"ReadAction","target":["https:\/\/yihr.rs\/bhs\/podrzi-nas\/"]}]},{"@type":"BreadcrumbList","@id":"https:\/\/yihr.rs\/bhs\/podrzi-nas\/#breadcrumb","itemListElement":[{"@type":"ListItem","position":1,"name":"Home","item":"https:\/\/yihr.rs\/bhs\/"},{"@type":"ListItem","position":2,"name":"Podr\u017ei nas"}]},{"@type":"WebSite","@id":"https:\/\/yihr.rs\/bhs\/#website","url":"https:\/\/yihr.rs\/bhs\/","name":"YIHR.rs","description":"","publisher":{"@id":"https:\/\/yihr.rs\/bhs\/#organization"},"potentialAction":[{"@type":"SearchAction","target":{"@type":"EntryPoint","urlTemplate":"https:\/\/yihr.rs\/bhs\/?s={search_term_string}"},"query-input":"required name=search_term_string"}],"inLanguage":"bhs-BHS"},{"@type":"Organization","@id":"https:\/\/yihr.rs\/bhs\/#organization","name":"Inicijativa mladih za ljudska prava","url":"https:\/\/yihr.rs\/bhs\/","logo":{"@type":"ImageObject","inLanguage":"bhs-BHS","@id":"https:\/\/yihr.rs\/bhs\/#\/schema\/logo\/image\/","url":"https:\/\/yihr.rs\/wp-content\/uploads\/2019\/04\/yihr-logo.png","contentUrl":"https:\/\/yihr.rs\/wp-content\/uploads\/2019\/04\/yihr-logo.png","width":157,"height":54,"caption":"Inicijativa mladih za ljudska prava"},"image":{"@id":"https:\/\/yihr.rs\/bhs\/#\/schema\/logo\/image\/"}}]}},"_links":{"self":[{"href":"https:\/\/yihr.rs\/bhs\/wp-json\/wp\/v2\/pages\/1291"}],"collection":[{"href":"https:\/\/yihr.rs\/bhs\/wp-json\/wp\/v2\/pages"}],"about":[{"href":"https:\/\/yihr.rs\/bhs\/wp-json\/wp\/v2\/types\/page"}],"author":[{"embeddable":true,"href":"https:\/\/yihr.rs\/bhs\/wp-json\/wp\/v2\/users\/2"}],"replies":[{"embeddable":true,"href":"https:\/\/yihr.rs\/bhs\/wp-json\/wp\/v2\/comments?post=1291"}],"version-history":[{"count":20,"href":"https:\/\/yihr.rs\/bhs\/wp-json\/wp\/v2\/pages\/1291\/revisions"}],"predecessor-version":[{"id":7349,"href":"https:\/\/yihr.rs\/bhs\/wp-json\/wp\/v2\/pages\/1291\/revisions\/7349"}],"wp:attachment":[{"href":"https:\/\/yihr.rs\/bhs\/wp-json\/wp\/v2\/media?parent=1291"}],"curies":[{"name":"wp","href":"https:\/\/api.w.org\/{rel}","templated":true}]}}